{"id":1860,"date":"2025-12-13T15:35:04","date_gmt":"2025-12-13T15:35:04","guid":{"rendered":"https:\/\/ledpadel.com\/?page_id=1860"},"modified":"2025-12-13T20:09:30","modified_gmt":"2025-12-13T20:09:30","slug":"aviso-legal","status":"publish","type":"page","link":"https:\/\/ledpadel.com\/it\/aviso-legal\/","title":{"rendered":"Avviso Legale"},"content":{"rendered":"<div data-elementor-type=\"wp-page\" data-elementor-id=\"1860\" class=\"elementor elementor-1860\" data-elementor-post-type=\"page\">\n\t\t\t\t<div data-particle_enable=\"false\" data-particle-mobile-disabled=\"false\" class=\"elementor-element elementor-element-474235b e-flex e-con-boxed e-con e-parent\" data-id=\"474235b\" data-element_type=\"container\" data-settings=\"{&quot;ekit_has_onepagescroll_dot&quot;:&quot;yes&quot;}\">\n\t\t\t\t\t<div class=\"e-con-inner\">\n\t\t\t\t<div class=\"elementor-element elementor-element-40950a6 elementor-widget elementor-widget-heading\" data-id=\"40950a6\" data-element_type=\"widget\" data-settings=\"{&quot;ekit_we_effect_on&quot;:&quot;none&quot;}\" data-widget_type=\"heading.default\">\n\t\t\t\t\t<h1 class=\"elementor-heading-title elementor-size-default\">Avviso Legale<\/h1>\t\t\t\t<\/div>\n\t\t\t\t\t<\/div>\n\t\t\t\t<\/div>\n\t\t<div data-particle_enable=\"false\" data-particle-mobile-disabled=\"false\" class=\"elementor-element elementor-element-67e26ca e-flex e-con-boxed e-con e-parent\" data-id=\"67e26ca\" data-element_type=\"container\" data-settings=\"{&quot;ekit_has_onepagescroll_dot&quot;:&quot;yes&quot;}\">\n\t\t\t\t\t<div class=\"e-con-inner\">\n\t\t\t\t<div class=\"elementor-element elementor-element-1af34b1 elementor-widget elementor-widget-text-editor\" data-id=\"1af34b1\" data-element_type=\"widget\" data-settings=\"{&quot;ekit_we_effect_on&quot;:&quot;none&quot;}\" data-widget_type=\"text-editor.default\">\n\t\t\t\t\t\t\t\t\t<p style=\"text-align: center;\"><strong>Termini di Utilizzo<\/strong><\/p><p>El sitio web <strong><a href=\"http:\/\/www.lledpadel.com\"><b>www.ledpadel.com<\/b><\/a> <\/strong>en adelante <strong>\u201cLED PADEL\u201d<\/strong> pertenece a <strong>PLANET POWER TOOLS SL<\/strong>, con <strong>CIF<\/strong>: B95375119.<\/p><p><strong>Modulo di Contatto <a href=\"https:\/\/ledpadel.com\/it\/led-padel\/contacto\/\"><b>Contatto<\/b><\/a> <\/strong><\/p><p class=\"translation-block\">Benvenuto nel sito web di \u201cLED PADEL\u201d. Le informazioni fornite su questo sito sono a scopo puramente informativo. Ti preghiamo di leggere e esaminare attentamente questi Termini di Utilizzo prima di utilizzare o accedere a questo sito web. Utilizzando o accedendo a questo sito web, riconosci di aver letto, compreso e accettato il Contratto dei Termini di Utilizzo. Se non sei d'accordo con i Termini di Utilizzo, non puoi utilizzare n\u00e9 accedere a questo sito.<\/p><h2>USO DEL SITO WEB<\/h2><p class=\"translation-block\">Le informazioni fornite su questo sito sono a scopo puramente informativo. L'accesso e l'uso delle informazioni contenute in questo sito web sono soggetti a questo Contratto dei Termini di Utilizzo. Utilizzando e accedendo a questo sito web, accetti, senza limitazioni o eccezioni, il presente Contratto dei Termini di Utilizzo.<\/p><h2>CONTENUTO<\/h2><p class=\"translation-block\">\u201cLED PADEL\u201d far\u00e0 uno sforzo ragionevole per includere informazioni accurate e aggiornate su questo sito web, ma non garantisce n\u00e9 fa dichiarazioni riguardo alla sua accuratezza, tempestivit\u00e0 o completezza.<\/p><h2>ASPETTI TECNICI E RESPONSABILIT\u00c0<\/h2><p class=\"translation-block\">\u201cLED PADEL\u201d non si assume alcuna responsabilit\u00e0 per problemi tecnici o guasti nei dispositivi informatici non imputabili alla nostra azienda, che possano verificarsi durante la connessione alla rete Internet, n\u00e9 per danni causati da intrusioni illegittime di terzi fuori dal controllo dell'azienda. Inoltre, siamo esonerati da responsabilit\u00e0 per eventuali danni o perdite che l'utente possa subire a causa di errori, difetti o omissioni nelle informazioni fornite da fonti esterne a noi.<\/p><h2>Indennizzo<\/h2><p class=\"translation-block\">Accetti di indennizzare e tenere indenne \u201cLED PADEL\u201d, i suoi direttori, funzionari, dipendenti, agenti, fornitori e partner terzi da qualsiasi perdita, spesa, danno o costo, inclusi i compensi legali ragionevoli, derivanti da qualsiasi violazione da parte tua di queste Condizioni di Utilizzo.<\/p><h2>Confidenzialit\u00e0 e Protezione dei Dati<\/h2><p class=\"translation-block\">\u201cLED PADEL\u201d rispetta la riservatezza degli utenti del sito web. Consulta la nostra Politica sulla Privacy\n e la Politica sui Cookie\n, in cui vengono spiegati i diritti e le responsabilit\u00e0 degli utenti in relazione alle informazioni fornite a questo sito web, in conformit\u00e0 con le leggi vigenti sulla protezione dei dati, in particolare il GDPR\n e la LOPDGDD.<\/p><h2>Collegamenti e Siti Web di Terze Parti<\/h2><p class=\"translation-block\">Questo sito web pu\u00f2 contenere collegamenti o riferimenti ad altri siti web gestiti da terze parti su cui \u201cLED PADEL\u201d non ha alcun controllo. Questi collegamenti sono inclusi solo per comodit\u00e0. Allo stesso modo, \u00e8 possibile accedere a questo sito web tramite collegamenti di terzi, su cui la fondazione non ha alcun controllo. \u201cLED PADEL\u201d non garantisce n\u00e9 fa dichiarazioni sulla precisione, l'aggiornamento o la completezza delle informazioni contenute in tali siti web e non sar\u00e0 responsabile per danni o perdite derivanti da tali contenuti o informazioni. L'inclusione di un collegamento di terze parti non implica una ratifica o una raccomandazione da parte della fondazione.<\/p><h2>Informazioni non riservate<\/h2><p class=\"translation-block\">Fermo restando quanto stabilito nella nostra Politica sulla Privacy\n, qualsiasi comunicazione o materiale che ci invii tramite Internet o che pubblichi sul sito web tramite e-mail o in altro modo, come domande, commenti, suggerimenti o simili, sar\u00e0 considerato non riservato. \u201cLED PADEL\u201d non avr\u00e0 alcun obbligo nei confronti di tali informazioni. L'azienda potr\u00e0 utilizzare liberamente qualsiasi idea, concetto, know-how o tecnica contenuti in tale comunicazione per qualsiasi scopo, incluso, ma non solo, lo sviluppo, la produzione e la commercializzazione di prodotti.<\/p><h2>Propriet\u00e0 Intellettuale<\/h2><p class=\"translation-block\">\u201cLED PADEL\u201d \u00e8 il proprietario e\/o licenziatario di tutte le informazioni contenute in questo portale, compreso il design grafico, le banche dati, le immagini, gli indici, i codici sorgente, i marchi e i loghi, tutti protetti dalla Legge sulla Propriet\u00e0 Intellettuale\n e dalla Legge sui Marchi\n. La loro disponibilit\u00e0 e uso non implicano, in nessun caso, il trasferimento della propriet\u00e0 o la concessione di un diritto di utilizzo all'utente. Ogni riproduzione, copia, distribuzione totale o parziale o commercializzazione di questi contenuti richieder\u00e0 l'autorizzazione scritta e preventiva di \u201cLED PADEL\u201d. L'azienda si riserva il diritto di intraprendere azioni legali pertinenti in caso di uso improprio del sito web.<\/p><h2>Marchi<\/h2><p class=\"translation-block\">I nomi dei prodotti, che siano in maiuscolo o con il simbolo del marchio registrato, sono marchi di \u201cLED PADEL\u201d. L'uso non autorizzato di questi marchi o di altri materiali, salvo quanto consentito qui, \u00e8 espressamente vietato e pu\u00f2 violare le leggi di Propriet\u00e0 Intellettuale\n, Marchi\n, Pubblicit\u00e0\n e le leggi e i regolamenti delle comunicazioni\n. L'azienda richiede il rispetto di tutti i suoi diritti di propriet\u00e0 intellettuale nella massima misura consentita dalla legge.<\/p><h2>Scambio e Diffusione delle Informazioni<\/h2><p class=\"translation-block\">\u201cLED PADEL\u201d declina ogni responsabilit\u00e0 derivante dallo scambio di informazioni tra utenti tramite il suo sito web. In particolare, non ci assumiamo alcuna responsabilit\u00e0 sull'uso che i minori potrebbero fare di esso, nel caso in cui i contenuti a cui si accede possano offendere la loro sensibilit\u00e0.<\/p><h2>Nulit\u00e0 in Caso di Divieto<\/h2><p class=\"translation-block\">Questo sito web e il suo contenuto sono conformi alle leggi e ai regolamenti della Spagna e dell'UE. Sebbene le informazioni siano accessibili agli utenti al di fuori della Spagna, i prodotti e i servizi di \u201cLED PADEL\u201d sono destinati esclusivamente all'uso da parte di residenti in Spagna. Altri paesi potrebbero avere requisiti legali diversi da quelli della Spagna.<\/p><h2>Leggi Applicabili<\/h2><p class=\"translation-block\">Il presente Contratto di Termini di Utilizzo e l'uso di questo sito web saranno regolati dalla legge spagnola. Qualsiasi azione legale o procedimento relativo a questo sito web sar\u00e0 esclusivamente sottoposto a un tribunale spagnolo.<\/p><h2>Disposizioni Varie<\/h2><p class=\"translation-block\">Se una disposizione del presente contratto viene dichiarata illegale, nulla o inapplicabile, tale disposizione sar\u00e0 eliminata senza influire sulla validit\u00e0 delle disposizioni restanti. \u201cLED PADEL\u201d si riserva il diritto di modificare o rimuovere materiali da questo sito web in qualsiasi momento, a sua discrezione.<\/p><h2>Arc e Diritti di Protezione dei Dati<\/h2><p class=\"translation-block\">In conformit\u00e0 con quanto disposto dal GDPR\n e dalla LOPDGDD\n, gli utenti possono esercitare i propri diritti di accesso, rettifica, cancellazione, opposizione, limitazione, portabilit\u00e0 e di non essere sottoposti a decisioni automatizzate inviando un'email a info@planetpower.es\n o tramite la nostra pagina di contatto. Per maggiori informazioni sull\u2019esercizio di questi diritti, puoi consultare la nostra Politica sulla Privacy\n.<\/p><p class=\"translation-block\">Link per scaricare i moduli dei diritti ARCO: Diritti ARCO<\/p><h2>CONTATTO<\/h2><p class=\"translation-block\">Mettiamo a tua disposizione una pagina di contatto\n per qualsiasi domanda o dubbio tu possa avere sulle condizioni di utilizzo o su qualsiasi altro argomento relativo al sito web.<\/p><p class=\"translation-block\">Ultimo aggiornamento: 31 ottobre 2025<\/p>\t\t\t\t\t\t\t\t<\/div>\n\t\t\t\t\t<\/div>\n\t\t\t\t<\/div>\n\t\t\t\t<\/div>","protected":false},"excerpt":{"rendered":"<p>Aviso Legal T\u00c9RMINOS DE USO El sitio web www.ledpadel.com en adelante \u201cLED PADEL\u201d pertenece a PLANET POWER TOOLS SL, con CIF: B95375119. Formulario de contacto: Contacto Bienvenido al sitio web de \u201cLED PADEL\u201d. La informaci\u00f3n facilitada en este sitio tiene \u00fanicamente fines informativos. Rogamos que lea y examine detenidamente estas Condiciones de Uso antes de [&hellip;]<\/p>\n","protected":false},"author":1,"featured_media":0,"parent":0,"menu_order":0,"comment_status":"closed","ping_status":"closed","template":"elementor_header_footer","meta":{"footnotes":""},"class_list":["post-1860","page","type-page","status-publish","hentry"],"aioseo_notices":[],"_links":{"self":[{"href":"https:\/\/ledpadel.com\/it\/wp-json\/wp\/v2\/pages\/1860","targetHints":{"allow":["GET"]}}],"collection":[{"href":"https:\/\/ledpadel.com\/it\/wp-json\/wp\/v2\/pages"}],"about":[{"href":"https:\/\/ledpadel.com\/it\/wp-json\/wp\/v2\/types\/page"}],"author":[{"embeddable":true,"href":"https:\/\/ledpadel.com\/it\/wp-json\/wp\/v2\/users\/1"}],"replies":[{"embeddable":true,"href":"https:\/\/ledpadel.com\/it\/wp-json\/wp\/v2\/comments?post=1860"}],"version-history":[{"count":0,"href":"https:\/\/ledpadel.com\/it\/wp-json\/wp\/v2\/pages\/1860\/revisions"}],"wp:attachment":[{"href":"https:\/\/ledpadel.com\/it\/wp-json\/wp\/v2\/media?parent=1860"}],"curies":[{"name":"wp","href":"https:\/\/api.w.org\/{rel}","templated":true}]}}