{"id":1854,"date":"2025-12-13T15:35:06","date_gmt":"2025-12-13T15:35:06","guid":{"rendered":"https:\/\/ledpadel.com\/?page_id=1854"},"modified":"2025-12-13T21:33:46","modified_gmt":"2025-12-13T21:33:46","slug":"mas-informacion-sobre-las-cookies","status":"publish","type":"page","link":"https:\/\/ledpadel.com\/it\/mas-informacion-sobre-las-cookies\/","title":{"rendered":"Maggiori informazioni sui Cookie"},"content":{"rendered":"<div data-elementor-type=\"wp-page\" data-elementor-id=\"1854\" class=\"elementor elementor-1854\" data-elementor-post-type=\"page\">\n\t\t\t\t<div data-particle_enable=\"false\" data-particle-mobile-disabled=\"false\" class=\"elementor-element elementor-element-474235b e-flex e-con-boxed e-con e-parent\" data-id=\"474235b\" data-element_type=\"container\" data-settings=\"{&quot;ekit_has_onepagescroll_dot&quot;:&quot;yes&quot;}\">\n\t\t\t\t\t<div class=\"e-con-inner\">\n\t\t\t\t<div class=\"elementor-element elementor-element-40950a6 elementor-widget elementor-widget-heading\" data-id=\"40950a6\" data-element_type=\"widget\" data-settings=\"{&quot;ekit_we_effect_on&quot;:&quot;none&quot;}\" data-widget_type=\"heading.default\">\n\t\t\t\t\t<h1 class=\"elementor-heading-title elementor-size-default\">Maggiori informazioni sui Cookie<\/h1>\t\t\t\t<\/div>\n\t\t\t\t\t<\/div>\n\t\t\t\t<\/div>\n\t\t<div data-particle_enable=\"false\" data-particle-mobile-disabled=\"false\" class=\"elementor-element elementor-element-67e26ca e-flex e-con-boxed e-con e-parent\" data-id=\"67e26ca\" data-element_type=\"container\" data-settings=\"{&quot;ekit_has_onepagescroll_dot&quot;:&quot;yes&quot;}\">\n\t\t\t\t\t<div class=\"e-con-inner\">\n\t\t\t\t<div class=\"elementor-element elementor-element-1af34b1 elementor-widget elementor-widget-text-editor\" data-id=\"1af34b1\" data-element_type=\"widget\" data-settings=\"{&quot;ekit_we_effect_on&quot;:&quot;none&quot;}\" data-widget_type=\"text-editor.default\">\n\t\t\t\t\t\t\t\t\t<p style=\"text-align: center;\"><strong>Termini di Utilizzo<\/strong><\/p>\n<p>I cookie sono piccoli file di testo che vengono memorizzati nel tuo browser quando visiti quasi qualsiasi sito web. Sono fondamentali per il funzionamento del sito web, poich\u00e9 permettono di ricordare le tue preferenze, migliorare la tua esperienza e raccogliere statistiche di utilizzo. Di seguito, ti forniamo maggiori dettagli su cosa sono i cookie, quali informazioni memorizzano e come puoi gestirli.<\/p>\n<p><\/p>\n<h2>Cosa sono i cookie?<\/h2>\n<p>I cookie sono file che vengono memorizzati nel tuo browser e consentono a un sito web di ricordare le tue azioni e preferenze (come la lingua, la dimensione del carattere o la configurazione della visualizzazione) per un periodo di tempo, in modo che tu non debba ripristinarle ogni volta che lo visiti. I cookie migliorano l'esperienza dell'utente rendendo la navigazione pi\u00f9 efficiente e personalizzata.<\/p>\n<p><\/p>\n<h2>Tipi di Cookie<\/h2>\n<p>I cookie possono essere classificati in base a diversi criteri. I pi\u00f9 comuni sono:<\/p>\n<p><\/p>\n<h3>Cookie tecnici:<\/h3>\n<p>Sono necessarie per il funzionamento base del sito web, come la navigazione tra le pagine, l'accesso alle aree protette o l'utilizzo dei moduli di contatto.<\/p>\n<p><\/p>\n<h3>Analytics cookies:<\/h3>\n<p>Questi cookie vengono utilizzati per raccogliere informazioni sull'uso e sul traffico del sito web (come il numero di visite, le pagine visitate, il tempo trascorso, ecc.). Ci permettono di migliorare i nostri contenuti e la funzionalit\u00e0 del sito.<\/p>\n<p><\/p>\n<h3>Cookie di personalizzazione<\/h3>\n<p>Questi cookie permettono di ricordare le preferenze dell'utente (come la lingua o la regione) per personalizzare l'esperienza di navigazione.<\/p>\n<p><\/p>\n<h3>Cookie pubblicitarie:<\/h3>\n<p>Vengono utilizzati per mostrare annunci rilevanti per gli utenti in base alla loro attivit\u00e0 di navigazione.<\/p>\n<p><\/p>\n<h2>Quali informazioni memorizzano i cookie?<\/h2>\n<p>I cookie memorizzano informazioni tecniche, come:<\/p>\n<ul>\n<li>L'indirizzo IP (anche se di solito viene anonimizzato nella maggior parte dei servizi di analisi).<\/li>\n<li>Il tipo di browser o dispositivo che stai utilizzando.<\/li>\n<li>Il tempo che hai trascorso sul sito e le pagine visitate.<\/li>\n<li>Le impostazioni della tua lingua e altre preferenze relative alla navigazione.<\/li>\n<li>&nbsp;<\/li>\n<\/ul>\n<p class=\"translation-block\">Importante: I cookie non memorizzano informazioni personali sensibili, come dati bancari, numeri di identificazione o fotografie. Al contrario, vengono utilizzati per migliorare l'esperienza di navigazione.<\/p>\n<p><\/p>\n<h2>Perch\u00e9 utilizziamo i cookie?<\/h2>\n<p>I cookie sono essenziali per migliorare la navigazione e la funzionalit\u00e0 del sito. Alcune delle principali ragioni per cui utilizziamo i cookie sono:<\/p>\n<p><\/p>\n<h3>Migliorare l'esperienza di navigazione:<\/h3>\n<p>I cookie aiutano ad adattare il contenuto alle tue preferenze.<\/p>\n<p><\/p>\n<h3>Analizzare l'uso del sito web:<\/h3>\n<p>Grazie ai cookie di analisi, possiamo capire come gli utenti interagiscono con il nostro sito web e, in questo modo, migliorare i servizi che offriamo.<\/p>\n<p><\/p>\n<h3>Sicurezza<\/h3>\n<p>Alcuni cookie sono necessari per garantire la sicurezza del sito, come la validazione dell'identit\u00e0 e la protezione contro i bot.<\/p>\n<p><\/p>\n<h3>Pubblicizzare in modo efficiente<\/h3>\n<p>I cookie pubblicitari ci permettono di mostrare annunci personalizzati per migliorarne la rilevanza.<\/p>\n<p><\/p>\n<h2>Come puoi gestire i cookie?<\/h2>\n<p>\u00c8 importante sapere che hai il controllo completo sui cookie e puoi gestirli in qualsiasi momento. Puoi eliminarli o disattivarli dalle impostazioni del tuo browser.<\/p>\n<p><\/p>\n<h2>Come disattivare o eliminare i cookie?<\/h2>\n<p>Ogni browser ha il proprio processo per gestire i cookie. Ecco come farlo nei browser pi\u00f9 popolari:<\/p>\n<p><\/p>\n<h3>Google Chrome:<\/h3>\n<p>Impostazioni &gt; Privacy e sicurezza &gt; Cookie e altri dati dei siti.<\/p>\n<p><\/p>\n<h3>Mozilla Firefox:<\/h3>\n<p>Opzioni &gt; Privacy e sicurezza &gt; Cookie e dati del sito.<\/p>\n<p><\/p>\n<h3>Safari (macOS):<\/h3>\n<p>Preferenze &gt; Privacy &gt; Gestisci i dati del sito web.<\/p>\n<p><\/p>\n<h3>Microsoft Edge:<\/h3>\n<p>Impostazioni &gt; Privacy, ricerca e servizi &gt; Cookie.<\/p>\n<p>Se desideri sapere come gestire i cookie in altri browser, ti invitiamo a consultare la sezione di aiuto del tuo browser.<\/p>\n<p><\/p>\n<h2>Cosa succede se disattivi i cookie?<\/h2>\n<p>personalizzazione<\/p>\n<ul>\n<li>Non poter accedere alle aree private del sito, come \"Il mio account\" o \"Il mio profilo\".<\/li>\n<li>L'impossibilit\u00e0 di effettuare acquisti online.<\/li>\n<li>Non poter personalizzare l'esperienza di navigazione.<\/li>\n<\/ul>\n<h2>Cookie di terze parti<\/h2>\n<p class=\"translation-block\">Questo sito utilizza anche cookie di terze parti, come Google Analytics o piattaforme di social media, per migliorare la funzionalit\u00e0 del sito. Questi cookie sono gestiti da fornitori esterni e, pertanto, la loro politica sull'uso potrebbe differire dalla nostra. Ti consigliamo di consultare le loro politiche sulla privacy se desideri ulteriori informazioni su come gestiscono i cookie.<\/p>\n<p><\/p>\n<h3>Google Analytics:<\/h3>\n<p>Utilizziamo Google Analytics per ottenere statistiche sul traffico e sul comportamento degli utenti nel sito. Per maggiori dettagli su come Google utilizza i cookie, consulta il loro <b><a href=\"https:\/\/policies.google.com\/privacy\">Politica sulla Privacy di Google<\/a>.<\/b><\/p>\n<p><\/p>\n<h2>Consenso all\u2019uso dei cookie<\/h2>\n<p>Continuando a navigare sul nostro sito web, accetti l'uso dei cookie come descritto in questa pagina. Se non sei d'accordo con l'uso dei cookie, puoi disattivarli dalle impostazioni del tuo browser.<\/p>\n<p><\/p>\n<p class=\"translation-block\">Ultimo aggiornamento: 31 ottobre 2025<\/p>\t\t\t\t\t\t\t\t<\/div>\n\t\t\t\t\t<\/div>\n\t\t\t\t<\/div>\n\t\t\t\t<\/div>","protected":false},"excerpt":{"rendered":"<p>M\u00e1s Informaci\u00f3n sobre las Cookies T\u00c9RMINOS DE USO Las cookies son peque\u00f1os archivos de texto que se almacenan en tu navegador cuando visitas casi cualquier p\u00e1gina web. Son fundamentales para el funcionamiento de la web, ya que permiten recordar tus preferencias, mejorar tu experiencia y realizar estad\u00edsticas de uso. A continuaci\u00f3n, te ofrecemos m\u00e1s detalles [&hellip;]<\/p>\n","protected":false},"author":1,"featured_media":0,"parent":0,"menu_order":0,"comment_status":"closed","ping_status":"closed","template":"elementor_header_footer","meta":{"footnotes":""},"class_list":["post-1854","page","type-page","status-publish","hentry"],"aioseo_notices":[],"_links":{"self":[{"href":"https:\/\/ledpadel.com\/it\/wp-json\/wp\/v2\/pages\/1854","targetHints":{"allow":["GET"]}}],"collection":[{"href":"https:\/\/ledpadel.com\/it\/wp-json\/wp\/v2\/pages"}],"about":[{"href":"https:\/\/ledpadel.com\/it\/wp-json\/wp\/v2\/types\/page"}],"author":[{"embeddable":true,"href":"https:\/\/ledpadel.com\/it\/wp-json\/wp\/v2\/users\/1"}],"replies":[{"embeddable":true,"href":"https:\/\/ledpadel.com\/it\/wp-json\/wp\/v2\/comments?post=1854"}],"version-history":[{"count":0,"href":"https:\/\/ledpadel.com\/it\/wp-json\/wp\/v2\/pages\/1854\/revisions"}],"wp:attachment":[{"href":"https:\/\/ledpadel.com\/it\/wp-json\/wp\/v2\/media?parent=1854"}],"curies":[{"name":"wp","href":"https:\/\/api.w.org\/{rel}","templated":true}]}}