{"id":1839,"date":"2025-12-13T15:35:07","date_gmt":"2025-12-13T15:35:07","guid":{"rendered":"https:\/\/ledpadel.com\/?page_id=1839"},"modified":"2025-12-13T21:36:34","modified_gmt":"2025-12-13T21:36:34","slug":"politica-de-cookies","status":"publish","type":"page","link":"https:\/\/ledpadel.com\/it\/politica-de-cookies\/","title":{"rendered":"Politica sui Cookie"},"content":{"rendered":"<div data-elementor-type=\"wp-page\" data-elementor-id=\"1839\" class=\"elementor elementor-1839\" data-elementor-post-type=\"page\">\n\t\t\t\t<div data-particle_enable=\"false\" data-particle-mobile-disabled=\"false\" class=\"elementor-element elementor-element-474235b e-flex e-con-boxed e-con e-parent\" data-id=\"474235b\" data-element_type=\"container\" data-settings=\"{&quot;ekit_has_onepagescroll_dot&quot;:&quot;yes&quot;}\">\n\t\t\t\t\t<div class=\"e-con-inner\">\n\t\t\t\t<div class=\"elementor-element elementor-element-40950a6 elementor-widget elementor-widget-heading\" data-id=\"40950a6\" data-element_type=\"widget\" data-settings=\"{&quot;ekit_we_effect_on&quot;:&quot;none&quot;}\" data-widget_type=\"heading.default\">\n\t\t\t\t\t<h1 class=\"elementor-heading-title elementor-size-default\">Politica sui Cookie<\/h1>\t\t\t\t<\/div>\n\t\t\t\t\t<\/div>\n\t\t\t\t<\/div>\n\t\t<div data-particle_enable=\"false\" data-particle-mobile-disabled=\"false\" class=\"elementor-element elementor-element-67e26ca e-flex e-con-boxed e-con e-parent\" data-id=\"67e26ca\" data-element_type=\"container\" data-settings=\"{&quot;ekit_has_onepagescroll_dot&quot;:&quot;yes&quot;}\">\n\t\t\t\t\t<div class=\"e-con-inner\">\n\t\t\t\t<div class=\"elementor-element elementor-element-1af34b1 elementor-widget elementor-widget-text-editor\" data-id=\"1af34b1\" data-element_type=\"widget\" data-settings=\"{&quot;ekit_we_effect_on&quot;:&quot;none&quot;}\" data-widget_type=\"text-editor.default\">\n\t\t\t\t\t\t\t\t\t<p style=\"text-align: center;\"><strong>Termini di Utilizzo<\/strong><\/p>\n<h2>Che cos\u2019\u00e8 un cookie?<\/h2>\n<p class=\"translation-block\">Un cookie \u00e8 un file di testo innocuo che viene memorizzato nel tuo browser quando visiti quasi qualsiasi sito web. La funzione principale di un cookie \u00e8 quella di far s\u00ec che il sito web ricordi la tua visita quando torni a navigarvi. Anche se molte persone non lo sanno, i cookie sono in uso da pi\u00f9 di 20 anni, sin dall\u2019apparizione dei primi browser web.<\/p>\n<h2>Che cosa non \u00e8 un cookie?<\/h2>\n<p>I cookie non sono virus, trojan, worm, spam, spyware o pop-up. Sono semplicemente file che aiutano a migliorare l\u2019esperienza di navigazione sui siti web.<\/p>\n<h2>Quali informazioni memorizza un cookie?<\/h2>\n<p class=\"translation-block\">I cookie non memorizzano informazioni sensibili su di te, come dati bancari, fotografie, numeri di documento o informazioni personali. I dati che memorizzano sono di natura tecnica, come le preferenze di navigazione, la personalizzazione dei contenuti, la lingua preferita, ecc. I server web non ti associano come persona, ma al tuo browser. Ad esempio, se navighi abitualmente con Internet Explorer e poi usi Firefox o Chrome, il sito web non sapr\u00e0 che sei la stessa persona, poich\u00e9 associa il cookie al browser e non all\u2019utente.<\/p>\n<h2>Che tipi di cookie esistono?<\/h2>\n<h3><strong>Cookie tecnici:<\/strong><\/h3>\n<p>Sono le pi\u00f9 elementari e permettono, tra le altre cose, di sapere quando sta navigando un essere umano o un'applicazione automatizzata, quando naviga un utente anonimo o registrato, e altre funzioni di base per il funzionamento di qualsiasi sito web dinamico.<\/p>\n<h3><strong>Analytics cookies:<\/strong><\/h3>\n<p>Raccolgono informazioni sul tipo di navigazione che effettui, sulle sezioni pi\u00f9 utilizzate, sui prodotti consultati, sulla fascia oraria di utilizzo, sulla lingua, ecc.<\/p>\n<h3><strong>Cookie pubblicitarie:<\/strong><\/h3>\n<p>Mostrano pubblicit\u00e0 adattata alla tua navigazione, al paese di provenienza, alla lingua, ecc.<\/p>\n<h2>Cosa sono i cookie propri e di terze parti?<\/h2>\n<h3><strong>Cookie propri:<\/strong><\/h3>\n<p>Sono quelle generate direttamente dal sito web che stai visitando.<\/p>\n<h3><strong>Cookie di terze parti:<\/strong><\/h3>\n<p>Sono generate da servizi o fornitori esterni, come Facebook, Twitter, Google, ecc.<\/p>\n<h3>Cosa succede se disattivo i cookie?<\/h3>\n<p>La disattivazione dei cookie pu\u00f2 influire sulla funzionalit\u00e0 del sito web e limitare alcune caratteristiche e servizi. Di seguito sono indicate alcune delle conseguenze della disattivazione dei cookie:<\/p>\n<ul>\n<li>Non potrai condividere i contenuti del sito web sui social network come Facebook o Twitter.<\/li>\n<li>Il sito web non potr\u00e0 adattare i contenuti alle tue preferenze, come avviene nei negozi online.<\/li>\n<li>Non potrai accedere alle aree personali del sito web, come il tuo account, profilo o ordini.<\/li>\n<li>Nel caso dei negozi online, non potrai effettuare acquisti \u2014 solo per telefono o nel negozio fisico, se esiste.<\/li>\n<li>Non sar\u00e0 possibile personalizzare le tue preferenze geografiche come il fuso orario, la valuta o la lingua.<\/li>\n<li>Il sito web non potr\u00e0 effettuare analisi del traffico web, rendendo pi\u00f9 difficile il miglioramento del servizio.<\/li>\n<li>Non potrai scrivere nel blog n\u00e9 lasciare commenti o valutazioni sui contenuti.<\/li>\n<li>Non sar\u00e0 possibile mostrare pubblicit\u00e0 personalizzata, il che potrebbe ridurre le entrate pubblicitarie.<\/li>\n<\/ul>\n<h2>\u00c8 possibile eliminare i cookie?<\/h2>\n<p>S\u00ec, puoi eliminare i cookie in qualsiasi momento. Non solo puoi eliminarli, ma anche bloccarli, sia in modo generale che per un dominio specifico. Per eliminare i cookie di un sito web, ti basta andare nelle impostazioni del tuo browser ed eliminare quelli associati al dominio in questione.<\/p>\n<h2>Impostazioni dei cookie per i browser pi\u00f9 popolari<\/h2>\n<p>Aqu\u00ed te indicamos c\u00f3mo acceder a la configuraci\u00f3n de cookies para los navegadores m\u00e1s utilizados:<\/p>\n<h3>Google Chrome (le istruzioni possono variare a seconda della versione):<\/h3>\n<ol>\n<li>Vai su \u201cImpostazioni\u201d o \u201cPreferenze\u201d tramite il menu o facendo clic sull\u2019icona di personalizzazione nell\u2019angolo in alto a destra.<\/li>\n<li>Nella sezione \u201cPrivacy\u201d, seleziona \u201cImpostazioni dei contenuti\u201d.<\/li>\n<li>In \u201cCookie\u201d, puoi visualizzare e gestire tutti i cookie memorizzati.<\/li>\n<\/ol>\n<h3>Internet Explorer:<\/h3>\n<ol>\n<li>Vai su \u201cStrumenti\u201d &gt; \u201cOpzioni Internet\u201d.<\/li>\n<li>Fai clic su \u201cPrivacy\u201d.<\/li>\n<li>Regola il cursore per modificare il livello di privacy.<\/li>\n<\/ol>\n<h3>Mozilla Firefox:<\/h3>\n<ol>\n<li>Vai su \u201cOpzioni\u201d o \u201cPreferenze\u201d.<\/li>\n<li>Nella sezione \u201cPrivacy\u201d, scegli \u201cUtilizza impostazioni personalizzate per la cronologia\u201d.<\/li>\n<li>Activa o desactiva las cookies seg\u00fan prefieras.<\/li>\n<\/ol>\n<h3>Safari para OSX:<\/h3>\n<ol>\n<li>Vai su \u201cPreferenze\u201d e poi su \u201cPrivacy\u201d.<\/li>\n<li>Regola il tipo di blocco dei cookie che desideri.<\/li>\n<\/ol>\n<h3>Safari para iOS:<\/h3>\n<ol>\n<li>Vai su \u201cImpostazioni\u201d &gt; \u201cSafari\u201d.<\/li>\n<li>In \u201cPrivacy e Sicurezza\u201d, regola il tipo di blocco dei cookie che preferisci.<\/li>\n<\/ol>\n<h3>Android:<\/h3>\n<ol>\n<li>Apri il browser e vai su \u201cMenu\u201d &gt; \u201cImpostazioni\u201d.<\/li>\n<li>In \u201cSicurezza e Privacy\u201d, attiva o disattiva i cookie.<\/li>\n<\/ol>\n<h3>Windows Phone:<\/h3>\n<ol>\n<li>Apri \u201cInternet Explorer\u201d, poi vai su \u201cAltro\u201d &gt; \u201cImpostazioni\u201d.<\/li>\n<li>Attiva o disattiva l\u2019opzione \u201cConsenti cookie\u201d.<\/li>\n<\/ol>\n<h2>Consenso all\u2019uso dei cookie<\/h2>\n<p class=\"translation-block\">Navigando sul nostro sito web, dai il tuo consenso all\u2019uso dei cookie come indicato in questa politica. Se non sei d\u2019accordo con l\u2019uso dei cookie, puoi configurarli secondo le tue preferenze o disattivarli.<\/p>\n<p class=\"translation-block\">Ultimo aggiornamento: 31 ottobre 2025<\/p>\t\t\t\t\t\t\t\t<\/div>\n\t\t\t\t\t<\/div>\n\t\t\t\t<\/div>\n\t\t\t\t<\/div>","protected":false},"excerpt":{"rendered":"<p>Pol\u00edtica de Cookies T\u00c9RMINOS DE USO \u00bfQu\u00e9 es una cookie? Una cookie es un archivo de texto inofensivo que se almacena en tu navegador cuando visitas casi cualquier p\u00e1gina web. La utilidad principal de una cookie es que la p\u00e1gina web recuerde tu visita cuando vuelvas a navegar por ella. Aunque muchas personas no lo [&hellip;]<\/p>\n","protected":false},"author":1,"featured_media":0,"parent":0,"menu_order":0,"comment_status":"closed","ping_status":"closed","template":"elementor_header_footer","meta":{"footnotes":""},"class_list":["post-1839","page","type-page","status-publish","hentry"],"aioseo_notices":[],"_links":{"self":[{"href":"https:\/\/ledpadel.com\/it\/wp-json\/wp\/v2\/pages\/1839","targetHints":{"allow":["GET"]}}],"collection":[{"href":"https:\/\/ledpadel.com\/it\/wp-json\/wp\/v2\/pages"}],"about":[{"href":"https:\/\/ledpadel.com\/it\/wp-json\/wp\/v2\/types\/page"}],"author":[{"embeddable":true,"href":"https:\/\/ledpadel.com\/it\/wp-json\/wp\/v2\/users\/1"}],"replies":[{"embeddable":true,"href":"https:\/\/ledpadel.com\/it\/wp-json\/wp\/v2\/comments?post=1839"}],"version-history":[{"count":0,"href":"https:\/\/ledpadel.com\/it\/wp-json\/wp\/v2\/pages\/1839\/revisions"}],"wp:attachment":[{"href":"https:\/\/ledpadel.com\/it\/wp-json\/wp\/v2\/media?parent=1839"}],"curies":[{"name":"wp","href":"https:\/\/api.w.org\/{rel}","templated":true}]}}