{"id":1860,"date":"2025-12-13T15:35:04","date_gmt":"2025-12-13T15:35:04","guid":{"rendered":"https:\/\/ledpadel.com\/?page_id=1860"},"modified":"2025-12-13T20:09:30","modified_gmt":"2025-12-13T20:09:30","slug":"aviso-legal","status":"publish","type":"page","link":"https:\/\/ledpadel.com\/fr\/aviso-legal\/","title":{"rendered":"Mentions L\u00e9gales"},"content":{"rendered":"<div data-elementor-type=\"wp-page\" data-elementor-id=\"1860\" class=\"elementor elementor-1860\" data-elementor-post-type=\"page\">\n\t\t\t\t<div data-particle_enable=\"false\" data-particle-mobile-disabled=\"false\" class=\"elementor-element elementor-element-474235b e-flex e-con-boxed e-con e-parent\" data-id=\"474235b\" data-element_type=\"container\" data-settings=\"{&quot;ekit_has_onepagescroll_dot&quot;:&quot;yes&quot;}\">\n\t\t\t\t\t<div class=\"e-con-inner\">\n\t\t\t\t<div class=\"elementor-element elementor-element-40950a6 elementor-widget elementor-widget-heading\" data-id=\"40950a6\" data-element_type=\"widget\" data-settings=\"{&quot;ekit_we_effect_on&quot;:&quot;none&quot;}\" data-widget_type=\"heading.default\">\n\t\t\t\t\t<h1 class=\"elementor-heading-title elementor-size-default\">Mentions L\u00e9gales<\/h1>\t\t\t\t<\/div>\n\t\t\t\t\t<\/div>\n\t\t\t\t<\/div>\n\t\t<div data-particle_enable=\"false\" data-particle-mobile-disabled=\"false\" class=\"elementor-element elementor-element-67e26ca e-flex e-con-boxed e-con e-parent\" data-id=\"67e26ca\" data-element_type=\"container\" data-settings=\"{&quot;ekit_has_onepagescroll_dot&quot;:&quot;yes&quot;}\">\n\t\t\t\t\t<div class=\"e-con-inner\">\n\t\t\t\t<div class=\"elementor-element elementor-element-1af34b1 elementor-widget elementor-widget-text-editor\" data-id=\"1af34b1\" data-element_type=\"widget\" data-settings=\"{&quot;ekit_we_effect_on&quot;:&quot;none&quot;}\" data-widget_type=\"text-editor.default\">\n\t\t\t\t\t\t\t\t\t<p style=\"text-align: center;\"><strong>Conditions d'Utilisation<\/strong><\/p><p>El sitio web <strong><a href=\"http:\/\/www.lledpadel.com\"><b>www.ledpadel.com<\/b><\/a> <\/strong>en adelante <strong>\u201cLED PADEL\u201d<\/strong> pertenece a <strong>PLANET POWER TOOLS SL<\/strong>, con <strong>CIF<\/strong>: B95375119.<\/p><p><strong>Formulaire de Contact <a href=\"https:\/\/ledpadel.com\/fr\/led-padel\/contacto\/\"><b>Contact<\/b><\/a> <\/strong><\/p><p class=\"translation-block\">Bienvenue sur le site web de \u201cLED PADEL\u201d. Les informations fournies sur ce site sont \u00e0 des fins d'information uniquement. Nous vous prions de lire attentivement ces Conditions d'Utilisation avant d'utiliser ou d'acc\u00e9der \u00e0 ce site web. En utilisant ou en acc\u00e9dant \u00e0 ce site, vous reconnaissez avoir lu, compris et accept\u00e9 le Contrat des Conditions d'Utilisation. Si vous n'\u00eates pas d'accord avec les Conditions d'Utilisation, vous ne pouvez pas utiliser ni acc\u00e9der \u00e0 ce site.<\/p><h2>UTILISATION DU SITE WEB<\/h2><p class=\"translation-block\">Les informations fournies sur ce site sont uniquement \u00e0 des fins d'information. L'acc\u00e8s et l'utilisation des informations contenues sur ce site web sont soumis \u00e0 ce Contrat des Conditions d'Utilisation. En utilisant et en acc\u00e9dant \u00e0 ce site web, vous acceptez, sans limitations ni exceptions, le pr\u00e9sent Contrat des Conditions d'Utilisation.<\/p><h2>CONTENU<\/h2><p class=\"translation-block\">\u201cLED PADEL\u201d fera un effort raisonnable pour inclure des informations pr\u00e9cises et actualis\u00e9es sur ce site web, mais ne garantit ni ne fait aucune d\u00e9claration concernant son exactitude, sa mise \u00e0 jour ou son exhaustivit\u00e9.<\/p><h2>ASPECTS TECHNIQUES ET RESPONSABILIT\u00c9<\/h2><p class=\"translation-block\">\u201cLED PADEL\u201d n'assume aucune responsabilit\u00e9 pour les probl\u00e8mes techniques ou les d\u00e9faillances des \u00e9quipements informatiques non imputables \u00e0 notre soci\u00e9t\u00e9, qui pourraient survenir lors de la connexion au r\u00e9seau Internet, ni pour les dommages caus\u00e9s par des intrusions ill\u00e9gales de tiers \u00e9chappant au contr\u00f4le de l'entreprise. De plus, nous sommes exon\u00e9r\u00e9s de toute responsabilit\u00e9 en cas de dommages ou de pertes que l'utilisateur pourrait subir \u00e0 la suite d'erreurs, de d\u00e9fauts ou d'omissions dans les informations fournies par des sources ext\u00e9rieures \u00e0 notre contr\u00f4le.<\/p><h2>Indemnisation<\/h2><p class=\"translation-block\">Vous vous engagez \u00e0 indemniser et \u00e0 tenir indemne \u201cLED PADEL\u201d, ses directeurs, responsables, employ\u00e9s, agents, fournisseurs et partenaires tiers contre toute perte, d\u00e9pense, dommage ou co\u00fbt, y compris les honoraires raisonnables d'avocats, r\u00e9sultant de toute violation de votre part de ces Conditions d'Utilisation.<\/p><h2>Confidentialit\u00e9 et Protection des Donn\u00e9es<\/h2><p class=\"translation-block\">\u201cLED PADEL\u201d respecte la confidentialit\u00e9 des utilisateurs du site Web. Consultez notre Politique de Confidentialit\u00e9\n et notre Politique de Cookies\n, o\u00f9 les droits et responsabilit\u00e9s des utilisateurs concernant les informations fournies \u00e0 ce site Web sont expliqu\u00e9s, conform\u00e9ment aux lois en vigueur sur la protection des donn\u00e9es, en particulier le RGPD\n et la LOPDGDD.<\/p><h2>Liens et Sites Web Tiers<\/h2><p class=\"translation-block\">Ce site Web peut contenir des liens ou des r\u00e9f\u00e9rences vers d'autres sites Web maintenus par des tiers sur lesquels \u201cLED PADEL\u201d n'a aucun contr\u00f4le. Ces liens sont inclus uniquement pour des raisons de commodit\u00e9. De m\u00eame, vous pouvez acc\u00e9der \u00e0 ce site Web depuis des liens de tiers, sur lesquels la fondation n'a aucun contr\u00f4le. \u201cLED PADEL\u201d ne garantit pas et ne fait aucune d\u00e9claration concernant l'exactitude, l'actualit\u00e9 ou l'exhaustivit\u00e9 des informations contenues sur ces sites Web et ne sera pas responsable des dommages ou pertes r\u00e9sultant de tels contenus ou informations. L'inclusion d'un lien de tiers ne signifie pas que la fondation approuve ou recommande ce lien.<\/p><h2>Informations non confidentielles<\/h2><p class=\"translation-block\">Nonobstant les termes \u00e9tablis dans notre Politique de Confidentialit\u00e9\n, toute communication ou mat\u00e9riel que vous nous envoyez via Internet ou que vous publiez sur le site Web par e-mail ou autrement, comme des questions, commentaires, suggestions ou similaires, sera consid\u00e9r\u00e9 comme non confidentiel. \u201cLED PADEL\u201d n'aura aucune obligation concernant ces informations. L'entreprise pourra utiliser librement toute id\u00e9e, concept, savoir-faire ou technique contenu dans cette communication \u00e0 toute fin, y compris, mais sans s'y limiter, le d\u00e9veloppement, la production et la commercialisation de produits.<\/p><h2>Propri\u00e9t\u00e9 Intellectuelle<\/h2><p class=\"translation-block\">\u201cLED PADEL\u201d est le propri\u00e9taire et\/ou le licenci\u00e9 de toutes les informations contenues dans ce portail, y compris sa conception graphique, ses bases de donn\u00e9es, ses images, ses index, ses codes source, ses marques et ses logos, tous prot\u00e9g\u00e9s par la Loi sur la Propri\u00e9t\u00e9 Intellectuelle\n et la Loi sur les Marques\n. Sa mise \u00e0 disposition et son utilisation ne signifient en aucun cas le transfert de la propri\u00e9t\u00e9 ou l'octroi d'un droit d'utilisation \u00e0 l'utilisateur. Toute reproduction, copie, distribution totale ou partielle, ou commercialisation de ces contenus n\u00e9cessitera l'autorisation pr\u00e9alable et \u00e9crite de \u201cLED PADEL\u201d. L'entreprise se r\u00e9serve le droit d'entreprendre les actions l\u00e9gales appropri\u00e9es en cas d'utilisation abusive du site Web.<\/p><h2>Marques<\/h2><p class=\"translation-block\">Les noms des produits, qu'ils soient en majuscules ou avec le symbole de la marque d\u00e9pos\u00e9e, sont des marques de \u201cLED PADEL\u201d. L'utilisation non autoris\u00e9e de ces marques ou d'autres mat\u00e9riaux, sauf dans les cas autoris\u00e9s ici, est express\u00e9ment interdite et peut enfreindre les lois sur la Propri\u00e9t\u00e9 Intellectuelle\n, les Marques\n, la Publicit\u00e9\n et les lois et r\u00e8glements relatifs aux communications\n. L'entreprise exige l'application de tous ses droits de propri\u00e9t\u00e9 intellectuelle dans toute la mesure permise par la loi.<\/p><h2>\u00c9change et Diffusion d'Informations<\/h2><p class=\"translation-block\">\u201cLED PADEL\u201d d\u00e9cline toute responsabilit\u00e9 d\u00e9coulant de l'\u00e9change d'informations entre utilisateurs via son site web. En particulier, nous ne sommes pas responsables de l'utilisation que les mineurs pourraient en faire dans les cas o\u00f9 le contenu auquel ils acc\u00e8dent pourrait heurter leur sensibilit\u00e9.<\/p><h2>Nullit\u00e9 en Cas de Prohibition<\/h2><p class=\"translation-block\">Ce site web et son contenu respectent les lois et r\u00e8glements de l'Espagne et de l'UE. Bien que l'information soit accessible aux utilisateurs en dehors de l'Espagne, les produits et services de \u201cLED PADEL\u201d sont destin\u00e9s exclusivement \u00e0 l'utilisation des r\u00e9sidents en Espagne. D'autres pays peuvent avoir des exigences l\u00e9gales diff\u00e9rentes de celles de l'Espagne.<\/p><h2>Lois Applicables<\/h2><p class=\"translation-block\">Le pr\u00e9sent Contrat des Conditions d'Utilisation et l'utilisation de ce site web seront r\u00e9gis par les lois espagnoles. Toute action ou proc\u00e9dure juridique relative \u00e0 ce site web sera exclusivement port\u00e9e devant un tribunal espagnol.<\/p><h2>Dispositions Diverses<\/h2><p class=\"translation-block\">Si une disposition du pr\u00e9sent contrat est jug\u00e9e ill\u00e9gale, nulle ou inapplicable, cette disposition sera supprim\u00e9e sans affecter la validit\u00e9 des autres dispositions. \u201cLED PADEL\u201d se r\u00e9serve le droit de modifier ou de supprimer des \u00e9l\u00e9ments de ce site web \u00e0 tout moment, \u00e0 sa discr\u00e9tion.<\/p><h2>Arc et Droits de Protection des Donn\u00e9es<\/h2><p class=\"translation-block\">Conform\u00e9ment aux dispositions du RGPD\n et de la LOPDGDD\n, les utilisateurs peuvent exercer leurs droits d'acc\u00e8s, de rectification, de suppression, d'opposition, de limitation, de portabilit\u00e9 et de ne pas \u00eatre soumis \u00e0 des d\u00e9cisions automatis\u00e9es en envoyant un e-mail \u00e0 info@planetpower.es\n ou via notre page de contact. Pour plus d'informations sur l'exercice de ces droits, vous pouvez consulter notre Politique de Confidentialit\u00e9\n.<\/p><p class=\"translation-block\">Lien pour t\u00e9l\u00e9charger les mod\u00e8les de droits ARCO : Droits ARCO<\/p><h2>CONTACT<\/h2><p class=\"translation-block\">Nous mettons \u00e0 votre disposition une page de contact\n pour toute question ou doute que vous pourriez avoir concernant les conditions d'utilisation ou toute autre question li\u00e9e au site web.<\/p><p class=\"translation-block\">Derni\u00e8re mise \u00e0 jour : 31 octobre 2025<\/p>\t\t\t\t\t\t\t\t<\/div>\n\t\t\t\t\t<\/div>\n\t\t\t\t<\/div>\n\t\t\t\t<\/div>","protected":false},"excerpt":{"rendered":"<p>Aviso Legal T\u00c9RMINOS DE USO El sitio web www.ledpadel.com en adelante \u201cLED PADEL\u201d pertenece a PLANET POWER TOOLS SL, con CIF: B95375119. Formulario de contacto: Contacto Bienvenido al sitio web de \u201cLED PADEL\u201d. La informaci\u00f3n facilitada en este sitio tiene \u00fanicamente fines informativos. Rogamos que lea y examine detenidamente estas Condiciones de Uso antes de [&hellip;]<\/p>\n","protected":false},"author":1,"featured_media":0,"parent":0,"menu_order":0,"comment_status":"closed","ping_status":"closed","template":"elementor_header_footer","meta":{"footnotes":""},"class_list":["post-1860","page","type-page","status-publish","hentry"],"aioseo_notices":[],"_links":{"self":[{"href":"https:\/\/ledpadel.com\/fr\/wp-json\/wp\/v2\/pages\/1860","targetHints":{"allow":["GET"]}}],"collection":[{"href":"https:\/\/ledpadel.com\/fr\/wp-json\/wp\/v2\/pages"}],"about":[{"href":"https:\/\/ledpadel.com\/fr\/wp-json\/wp\/v2\/types\/page"}],"author":[{"embeddable":true,"href":"https:\/\/ledpadel.com\/fr\/wp-json\/wp\/v2\/users\/1"}],"replies":[{"embeddable":true,"href":"https:\/\/ledpadel.com\/fr\/wp-json\/wp\/v2\/comments?post=1860"}],"version-history":[{"count":0,"href":"https:\/\/ledpadel.com\/fr\/wp-json\/wp\/v2\/pages\/1860\/revisions"}],"wp:attachment":[{"href":"https:\/\/ledpadel.com\/fr\/wp-json\/wp\/v2\/media?parent=1860"}],"curies":[{"name":"wp","href":"https:\/\/api.w.org\/{rel}","templated":true}]}}