{"id":1854,"date":"2025-12-13T15:35:06","date_gmt":"2025-12-13T15:35:06","guid":{"rendered":"https:\/\/ledpadel.com\/?page_id=1854"},"modified":"2025-12-13T21:33:46","modified_gmt":"2025-12-13T21:33:46","slug":"mas-informacion-sobre-las-cookies","status":"publish","type":"page","link":"https:\/\/ledpadel.com\/fr\/mas-informacion-sobre-las-cookies\/","title":{"rendered":"Plus d'informations sur les Cookies"},"content":{"rendered":"<div data-elementor-type=\"wp-page\" data-elementor-id=\"1854\" class=\"elementor elementor-1854\" data-elementor-post-type=\"page\">\n\t\t\t\t<div data-particle_enable=\"false\" data-particle-mobile-disabled=\"false\" class=\"elementor-element elementor-element-474235b e-flex e-con-boxed e-con e-parent\" data-id=\"474235b\" data-element_type=\"container\" data-settings=\"{&quot;ekit_has_onepagescroll_dot&quot;:&quot;yes&quot;}\">\n\t\t\t\t\t<div class=\"e-con-inner\">\n\t\t\t\t<div class=\"elementor-element elementor-element-40950a6 elementor-widget elementor-widget-heading\" data-id=\"40950a6\" data-element_type=\"widget\" data-settings=\"{&quot;ekit_we_effect_on&quot;:&quot;none&quot;}\" data-widget_type=\"heading.default\">\n\t\t\t\t\t<h1 class=\"elementor-heading-title elementor-size-default\">Plus d'informations sur les Cookies<\/h1>\t\t\t\t<\/div>\n\t\t\t\t\t<\/div>\n\t\t\t\t<\/div>\n\t\t<div data-particle_enable=\"false\" data-particle-mobile-disabled=\"false\" class=\"elementor-element elementor-element-67e26ca e-flex e-con-boxed e-con e-parent\" data-id=\"67e26ca\" data-element_type=\"container\" data-settings=\"{&quot;ekit_has_onepagescroll_dot&quot;:&quot;yes&quot;}\">\n\t\t\t\t\t<div class=\"e-con-inner\">\n\t\t\t\t<div class=\"elementor-element elementor-element-1af34b1 elementor-widget elementor-widget-text-editor\" data-id=\"1af34b1\" data-element_type=\"widget\" data-settings=\"{&quot;ekit_we_effect_on&quot;:&quot;none&quot;}\" data-widget_type=\"text-editor.default\">\n\t\t\t\t\t\t\t\t\t<p style=\"text-align: center;\"><strong>Conditions d'Utilisation<\/strong><\/p>\n<p>Les cookies sont de petits fichiers texte qui sont stock\u00e9s dans votre navigateur lorsque vous visitez presque n'importe quel site web. Ils sont essentiels au fonctionnement du site web, car ils permettent de se souvenir de vos pr\u00e9f\u00e9rences, d'am\u00e9liorer votre exp\u00e9rience et de recueillir des statistiques d'utilisation. Ci-dessous, nous vous fournissons plus de d\u00e9tails sur ce que sont les cookies, quelles informations ils stockent et comment vous pouvez les g\u00e9rer.<\/p>\n<p><\/p>\n<h2>Qu'est-ce que les cookies ?<\/h2>\n<p>Les cookies sont des fichiers stock\u00e9s dans votre navigateur et permettent \u00e0 un site web de se souvenir de vos actions et pr\u00e9f\u00e9rences (comme la langue, la taille de la police ou les param\u00e8tres d'affichage) pendant un certain temps, afin que vous n'ayez pas \u00e0 les configurer \u00e0 nouveau \u00e0 chaque visite. Les cookies am\u00e9liorent l'exp\u00e9rience utilisateur en rendant la navigation plus efficace et personnalis\u00e9e.<\/p>\n<p><\/p>\n<h2>Types de Cookies<\/h2>\n<p>Les cookies peuvent \u00eatre class\u00e9s selon diff\u00e9rents crit\u00e8res. Les plus courants sont :<\/p>\n<p><\/p>\n<h3>Cookies techniques :<\/h3>\n<p>Elles sont n\u00e9cessaires au bon fonctionnement du site web, comme la navigation entre les pages, l'acc\u00e8s aux zones prot\u00e9g\u00e9es ou l'utilisation des formulaires de contact.<\/p>\n<p><\/p>\n<h3>Cookies d\u2019analyse :<\/h3>\n<p>Ces cookies sont utilis\u00e9s pour collecter des informations sur l'utilisation et le trafic du site web (comme le nombre de visites, les pages visit\u00e9es, le temps pass\u00e9, etc.). Ils nous permettent d'am\u00e9liorer notre contenu et la fonctionnalit\u00e9 du site.<\/p>\n<p><\/p>\n<h3>Cookies de personnalisation<\/h3>\n<p>Ces cookies permettent de se souvenir des pr\u00e9f\u00e9rences de l'utilisateur (comme la langue ou la r\u00e9gion) afin de personnaliser l'exp\u00e9rience de navigation.<\/p>\n<p><\/p>\n<h3>Cookies publicitaires :<\/h3>\n<p>Ils sont utilis\u00e9s pour afficher des publicit\u00e9s pertinentes aux utilisateurs en fonction de leur activit\u00e9 de navigation.<\/p>\n<p><\/p>\n<h2>Quelles informations les cookies stockent-ils ?<\/h2>\n<p>Les cookies stockent des informations techniques, telles que :<\/p>\n<ul>\n<li>L'adresse IP (bien qu'elle soit g\u00e9n\u00e9ralement anonymis\u00e9e dans la plupart des services d'analyse).<\/li>\n<li>Le type de navigateur ou de dispositif que vous utilisez.<\/li>\n<li>Le temps que vous avez pass\u00e9 sur le site et les pages visit\u00e9es.<\/li>\n<li>Les param\u00e8tres de votre langue et d'autres pr\u00e9f\u00e9rences li\u00e9es \u00e0 la navigation.<\/li>\n<li>&nbsp;<\/li>\n<\/ul>\n<p class=\"translation-block\">Important : Les cookies ne stockent pas d'informations personnelles sensibles telles que des donn\u00e9es bancaires, des num\u00e9ros d'identification ou des photographies. Elles sont utilis\u00e9es pour am\u00e9liorer l'exp\u00e9rience de navigation.<\/p>\n<p><\/p>\n<h2>Pourquoi utilisons-nous des cookies ?<\/h2>\n<p>Les cookies sont essentielles pour am\u00e9liorer la navigation et la fonctionnalit\u00e9 du site. Parmi les principales raisons pour lesquelles nous utilisons des cookies, on trouve :<\/p>\n<p><\/p>\n<h3>Am\u00e9liorer l'exp\u00e9rience de navigation :<\/h3>\n<p>Les cookies aident \u00e0 adapter le contenu \u00e0 vos pr\u00e9f\u00e9rences.<\/p>\n<p><\/p>\n<h3>Analyser l'utilisation du site web :<\/h3>\n<p>Gr\u00e2ce aux cookies d'analyse, nous pouvons comprendre comment les utilisateurs interagissent avec notre site web et, ainsi, am\u00e9liorer les services que nous proposons.<\/p>\n<p><\/p>\n<h3>S\u00e9curit\u00e9<\/h3>\n<p>Certaines cookies sont n\u00e9cessaires pour garantir la s\u00e9curit\u00e9 du site, telles que la validation de l'identit\u00e9 et la protection contre les robots.<\/p>\n<p><\/p>\n<h3>Publicit\u00e9 efficace<\/h3>\n<p>Les cookies publicitaires nous permettent d'afficher des annonces personnalis\u00e9es pour am\u00e9liorer leur pertinence.<\/p>\n<p><\/p>\n<h2>Comment pouvez-vous g\u00e9rer les cookies ?<\/h2>\n<p>Il est important de savoir que vous avez un contr\u00f4le total sur les cookies et que vous pouvez les g\u00e9rer \u00e0 tout moment. Vous pouvez les supprimer ou les d\u00e9sactiver depuis les param\u00e8tres de votre navigateur.<\/p>\n<p><\/p>\n<h2>Comment d\u00e9sactiver ou supprimer les cookies ?<\/h2>\n<p>Chaque navigateur a son propre processus pour g\u00e9rer les cookies. Voici comment le faire dans les navigateurs les plus populaires :<\/p>\n<p><\/p>\n<h3>Google Chrome:<\/h3>\n<p>Param\u00e8tres &gt; Confidentialit\u00e9 et s\u00e9curit\u00e9 &gt; Cookies et autres donn\u00e9es de sites.<\/p>\n<p><\/p>\n<h3>Mozilla Firefox:<\/h3>\n<p>Options &gt; Confidentialit\u00e9 et s\u00e9curit\u00e9 &gt; Cookies et donn\u00e9es du site.<\/p>\n<p><\/p>\n<h3>Safari (macOS):<\/h3>\n<p>Pr\u00e9f\u00e9rences &gt; Confidentialit\u00e9 &gt; G\u00e9rer les donn\u00e9es des sites web.<\/p>\n<p><\/p>\n<h3>Microsoft Edge:<\/h3>\n<p>Param\u00e8tres &gt; Confidentialit\u00e9, recherche et services &gt; Cookies.<\/p>\n<p>Si vous souhaitez savoir comment g\u00e9rer les cookies dans d'autres navigateurs, nous vous invitons \u00e0 consulter la section d'aide de votre navigateur.<\/p>\n<p><\/p>\n<h2>Que se passe-t-il si vous d\u00e9sactivez les cookies ?<\/h2>\n<p>D\u00e9sactiver les cookies peut affecter la fonctionnalit\u00e9 du site web, limitant certains services ou la personnalisation des contenus. Quelques exemples de ce qui pourrait se produire incluent :<\/p>\n<ul>\n<li>Ne pas pouvoir acc\u00e9der aux zones priv\u00e9es du site, telles que \"Mon compte\" ou \"Mon profil\".<\/li>\n<li>L'impossibilit\u00e9 de faire des achats en ligne.<\/li>\n<li>Ne pas pouvoir personnaliser l'exp\u00e9rience de navigation.<\/li>\n<\/ul>\n<h2>Cookies tiers<\/h2>\n<p class=\"translation-block\">Ce site utilise \u00e9galement des cookies de tiers, tels que Google Analytics ou des plateformes de r\u00e9seaux sociaux, pour am\u00e9liorer la fonctionnalit\u00e9 du site. Ces cookies sont g\u00e9r\u00e9s par des fournisseurs externes, et par cons\u00e9quent, leur politique d'utilisation peut diff\u00e9rer de la n\u00f4tre. Nous vous recommandons de consulter leurs politiques de confidentialit\u00e9 si vous souhaitez plus d'informations sur la mani\u00e8re dont ils g\u00e8rent les cookies.<\/p>\n<p><\/p>\n<h3>Google Analytics:<\/h3>\n<p>Nous utilisons Google Analytics pour obtenir des statistiques sur le trafic et le comportement des utilisateurs sur le site. Pour plus de d\u00e9tails sur la mani\u00e8re dont Google utilise les cookies, consultez leur <b><a href=\"https:\/\/policies.google.com\/privacy\">Politique de Confidentialit\u00e9 de Google<\/a>.<\/b><\/p>\n<p><\/p>\n<h2>Consentement \u00e0 l\u2019utilisation des cookies<\/h2>\n<p>En continuant \u00e0 naviguer sur notre site web, vous acceptez l'utilisation des cookies comme d\u00e9crit sur cette page. Si vous n'\u00eates pas d'accord avec l'utilisation des cookies, vous pouvez les d\u00e9sactiver depuis les param\u00e8tres de votre navigateur.<\/p>\n<p><\/p>\n<p class=\"translation-block\">Derni\u00e8re mise \u00e0 jour : 31 octobre 2025<\/p>\t\t\t\t\t\t\t\t<\/div>\n\t\t\t\t\t<\/div>\n\t\t\t\t<\/div>\n\t\t\t\t<\/div>","protected":false},"excerpt":{"rendered":"<p>M\u00e1s Informaci\u00f3n sobre las Cookies T\u00c9RMINOS DE USO Las cookies son peque\u00f1os archivos de texto que se almacenan en tu navegador cuando visitas casi cualquier p\u00e1gina web. Son fundamentales para el funcionamiento de la web, ya que permiten recordar tus preferencias, mejorar tu experiencia y realizar estad\u00edsticas de uso. A continuaci\u00f3n, te ofrecemos m\u00e1s detalles [&hellip;]<\/p>\n","protected":false},"author":1,"featured_media":0,"parent":0,"menu_order":0,"comment_status":"closed","ping_status":"closed","template":"elementor_header_footer","meta":{"footnotes":""},"class_list":["post-1854","page","type-page","status-publish","hentry"],"aioseo_notices":[],"_links":{"self":[{"href":"https:\/\/ledpadel.com\/fr\/wp-json\/wp\/v2\/pages\/1854","targetHints":{"allow":["GET"]}}],"collection":[{"href":"https:\/\/ledpadel.com\/fr\/wp-json\/wp\/v2\/pages"}],"about":[{"href":"https:\/\/ledpadel.com\/fr\/wp-json\/wp\/v2\/types\/page"}],"author":[{"embeddable":true,"href":"https:\/\/ledpadel.com\/fr\/wp-json\/wp\/v2\/users\/1"}],"replies":[{"embeddable":true,"href":"https:\/\/ledpadel.com\/fr\/wp-json\/wp\/v2\/comments?post=1854"}],"version-history":[{"count":0,"href":"https:\/\/ledpadel.com\/fr\/wp-json\/wp\/v2\/pages\/1854\/revisions"}],"wp:attachment":[{"href":"https:\/\/ledpadel.com\/fr\/wp-json\/wp\/v2\/media?parent=1854"}],"curies":[{"name":"wp","href":"https:\/\/api.w.org\/{rel}","templated":true}]}}