{"id":1839,"date":"2025-12-13T15:35:07","date_gmt":"2025-12-13T15:35:07","guid":{"rendered":"https:\/\/ledpadel.com\/?page_id=1839"},"modified":"2025-12-13T21:36:34","modified_gmt":"2025-12-13T21:36:34","slug":"politica-de-cookies","status":"publish","type":"page","link":"https:\/\/ledpadel.com\/fr\/politica-de-cookies\/","title":{"rendered":"Politique de Cookies"},"content":{"rendered":"<div data-elementor-type=\"wp-page\" data-elementor-id=\"1839\" class=\"elementor elementor-1839\" data-elementor-post-type=\"page\">\n\t\t\t\t<div data-particle_enable=\"false\" data-particle-mobile-disabled=\"false\" class=\"elementor-element elementor-element-474235b e-flex e-con-boxed e-con e-parent\" data-id=\"474235b\" data-element_type=\"container\" data-settings=\"{&quot;ekit_has_onepagescroll_dot&quot;:&quot;yes&quot;}\">\n\t\t\t\t\t<div class=\"e-con-inner\">\n\t\t\t\t<div class=\"elementor-element elementor-element-40950a6 elementor-widget elementor-widget-heading\" data-id=\"40950a6\" data-element_type=\"widget\" data-settings=\"{&quot;ekit_we_effect_on&quot;:&quot;none&quot;}\" data-widget_type=\"heading.default\">\n\t\t\t\t\t<h1 class=\"elementor-heading-title elementor-size-default\">Politique de Cookies<\/h1>\t\t\t\t<\/div>\n\t\t\t\t\t<\/div>\n\t\t\t\t<\/div>\n\t\t<div data-particle_enable=\"false\" data-particle-mobile-disabled=\"false\" class=\"elementor-element elementor-element-67e26ca e-flex e-con-boxed e-con e-parent\" data-id=\"67e26ca\" data-element_type=\"container\" data-settings=\"{&quot;ekit_has_onepagescroll_dot&quot;:&quot;yes&quot;}\">\n\t\t\t\t\t<div class=\"e-con-inner\">\n\t\t\t\t<div class=\"elementor-element elementor-element-1af34b1 elementor-widget elementor-widget-text-editor\" data-id=\"1af34b1\" data-element_type=\"widget\" data-settings=\"{&quot;ekit_we_effect_on&quot;:&quot;none&quot;}\" data-widget_type=\"text-editor.default\">\n\t\t\t\t\t\t\t\t\t<p style=\"text-align: center;\"><strong>Conditions d'Utilisation<\/strong><\/p>\n<h2>Qu\u2019est-ce qu\u2019un cookie ?<\/h2>\n<p class=\"translation-block\">Un cookie est un fichier texte inoffensif qui est stock\u00e9 dans votre navigateur lorsque vous visitez presque n\u2019importe quel site web. L\u2019utilit\u00e9 principale d\u2019un cookie est de permettre au site web de se souvenir de votre visite lorsque vous y revenez. Bien que beaucoup de personnes l\u2019ignorent, les cookies sont utilis\u00e9s depuis plus de 20 ans, depuis l\u2019apparition des premiers navigateurs web.<\/p>\n<h2>Qu\u2019est-ce qui n\u2019est pas un cookie ?<\/h2>\n<p>Les cookies ne sont pas des virus, des chevaux de Troie, des vers, du spam, des logiciels espions ou des fen\u00eatres pop-up. Ce sont simplement des fichiers qui aident \u00e0 am\u00e9liorer l\u2019exp\u00e9rience de navigation sur les sites web.<\/p>\n<h2>Quelles informations un cookie stocke-t-il ?<\/h2>\n<p class=\"translation-block\">Les cookies ne stockent pas d\u2019informations sensibles vous concernant, telles que des donn\u00e9es bancaires, des photos, des num\u00e9ros d\u2019identit\u00e9 ou des informations personnelles. Les donn\u00e9es qu\u2019ils conservent sont de nature technique, comme les pr\u00e9f\u00e9rences de navigation, la personnalisation du contenu, la langue pr\u00e9f\u00e9r\u00e9e, etc. Les serveurs web ne vous associent pas en tant que personne, mais \u00e0 votre navigateur. Par exemple, si vous naviguez habituellement avec Internet Explorer et utilisez ensuite Firefox ou Chrome, le site web ne saura pas que vous \u00eates la m\u00eame personne, car il associe le cookie au navigateur, et non \u00e0 l\u2019utilisateur.<\/p>\n<h2>Quels types de cookies existent ?<\/h2>\n<h3><strong>Cookies techniques :<\/strong><\/h3>\n<p>Ce sont les plus \u00e9l\u00e9mentaires et elles permettent, entre autres, de savoir quand une personne ou une application automatis\u00e9e navigue, quand un utilisateur anonyme ou enregistr\u00e9 navigue, ainsi que d\u2019autres t\u00e2ches de base n\u00e9cessaires au fonctionnement de tout site web dynamique.<\/p>\n<h3><strong>Cookies d\u2019analyse :<\/strong><\/h3>\n<p>Elles recueillent des informations sur le type de navigation que vous effectuez, les sections les plus utilis\u00e9es, les produits consult\u00e9s, la tranche horaire d\u2019utilisation, la langue, etc.<\/p>\n<h3><strong>Cookies publicitaires :<\/strong><\/h3>\n<p>Elles affichent des publicit\u00e9s adapt\u00e9es \u00e0 votre navigation, \u00e0 votre pays d\u2019origine, \u00e0 votre langue, etc.<\/p>\n<h2>Que sont les cookies internes et tiers ?<\/h2>\n<h3><strong>Cookies internes :<\/strong><\/h3>\n<p>Ce sont celles g\u00e9n\u00e9r\u00e9es directement par le site web que vous visitez.<\/p>\n<h3><strong>Cookies de tiers :<\/strong><\/h3>\n<p>Elles sont g\u00e9n\u00e9r\u00e9es par des services ou fournisseurs externes, tels que Facebook, Twitter, Google, etc.<\/p>\n<h3>Que se passe-t-il si je d\u00e9sactive les cookies ?<\/h3>\n<p>La d\u00e9sactivation des cookies peut affecter la fonctionnalit\u00e9 du site web et limiter certaines fonctionnalit\u00e9s et services. Voici quelques-unes des cons\u00e9quences de la d\u00e9sactivation des cookies :<\/p>\n<ul>\n<li>Vous ne pourrez pas partager le contenu du site web sur les r\u00e9seaux sociaux tels que Facebook ou Twitter.<\/li>\n<li>Le site web ne pourra pas adapter le contenu \u00e0 vos pr\u00e9f\u00e9rences, comme c\u2019est le cas pour les boutiques en ligne.<\/li>\n<li>Vous ne pourrez pas acc\u00e9der aux zones personnelles du site web, telles que votre compte, profil ou commandes.<\/li>\n<li>Dans le cas des boutiques en ligne, vous ne pourrez pas effectuer d\u2019achats \u2014 uniquement par t\u00e9l\u00e9phone ou en magasin physique, s\u2019il en existe un.<\/li>\n<li>Il ne sera pas possible de personnaliser vos pr\u00e9f\u00e9rences g\u00e9ographiques telles que le fuseau horaire, la devise ou la langue.<\/li>\n<li>Le site web ne pourra pas effectuer d\u2019analyses du trafic, ce qui rendra l\u2019am\u00e9lioration du service plus difficile.<\/li>\n<li>Vous ne pourrez pas \u00e9crire sur le blog ni laisser de commentaires ou d\u2019\u00e9valuations de contenu.<\/li>\n<li>Il ne sera pas possible d\u2019afficher de la publicit\u00e9 personnalis\u00e9e, ce qui pourrait r\u00e9duire les revenus publicitaires.<\/li>\n<\/ul>\n<h2>Peut-on supprimer les cookies ?<\/h2>\n<p>Oui, vous pouvez supprimer les cookies \u00e0 tout moment. Vous pouvez non seulement les supprimer, mais aussi les bloquer, soit de mani\u00e8re g\u00e9n\u00e9rale, soit pour un domaine sp\u00e9cifique. Pour supprimer les cookies d\u2019un site web, il vous suffit d\u2019acc\u00e9der aux param\u00e8tres de votre navigateur et de supprimer ceux associ\u00e9s au domaine concern\u00e9.<\/p>\n<h2>Param\u00e8tres des cookies pour les navigateurs les plus populaires<\/h2>\n<p>Aqu\u00ed te indicamos c\u00f3mo acceder a la configuraci\u00f3n de cookies para los navegadores m\u00e1s utilizados:<\/p>\n<h3>Google Chrome (les instructions peuvent varier selon la version) :<\/h3>\n<ol>\n<li>Allez dans \u00ab Param\u00e8tres \u00bb ou \u00ab Pr\u00e9f\u00e9rences \u00bb via le menu ou en cliquant sur l\u2019ic\u00f4ne de personnalisation en haut \u00e0 droite.<\/li>\n<li>Dans la section \u00ab Confidentialit\u00e9 \u00bb, s\u00e9lectionnez \u00ab Param\u00e8tres de contenu \u00bb.<\/li>\n<li>Dans \u00ab Cookies \u00bb, vous pouvez voir et g\u00e9rer tous les cookies stock\u00e9s.<\/li>\n<\/ol>\n<h3>Internet Explorer:<\/h3>\n<ol>\n<li>Allez dans \u00ab Outils \u00bb &gt; \u00ab Options Internet \u00bb.<\/li>\n<li>Cliquez sur \u00ab Confidentialit\u00e9 \u00bb.<\/li>\n<li>Ajustez le curseur pour modifier le niveau de confidentialit\u00e9.<\/li>\n<\/ol>\n<h3>Mozilla Firefox:<\/h3>\n<ol>\n<li>Allez dans \u00ab Options \u00bb ou \u00ab Pr\u00e9f\u00e9rences \u00bb.<\/li>\n<li>Dans la section \u00ab Confidentialit\u00e9 \u00bb, choisissez \u00ab Utiliser les param\u00e8tres personnalis\u00e9s pour l\u2019historique \u00bb.<\/li>\n<li>Activa o desactiva las cookies seg\u00fan prefieras.<\/li>\n<\/ol>\n<h3>Safari para OSX:<\/h3>\n<ol>\n<li>Allez dans \u00ab Pr\u00e9f\u00e9rences \u00bb puis dans \u00ab Confidentialit\u00e9 \u00bb.<\/li>\n<li>Ajustez le type de blocage des cookies que vous souhaitez.<\/li>\n<\/ol>\n<h3>Safari para iOS:<\/h3>\n<ol>\n<li>Allez dans \u00ab R\u00e9glages \u00bb &gt; \u00ab Safari \u00bb.<\/li>\n<li>Dans \u00ab Confidentialit\u00e9 et S\u00e9curit\u00e9 \u00bb, ajustez le type de blocage des cookies que vous pr\u00e9f\u00e9rez.<\/li>\n<\/ol>\n<h3>Android:<\/h3>\n<ol>\n<li>Ouvrez le navigateur et allez dans \u00ab Menu \u00bb &gt; \u00ab Param\u00e8tres \u00bb.<\/li>\n<li>Dans \u00ab S\u00e9curit\u00e9 et Confidentialit\u00e9 \u00bb, activez ou d\u00e9sactivez les cookies.<\/li>\n<\/ol>\n<h3>Windows Phone:<\/h3>\n<ol>\n<li>Ouvrez \u00ab Internet Explorer \u00bb, puis allez dans \u00ab Plus \u00bb &gt; \u00ab Param\u00e8tres \u00bb.<\/li>\n<li>Activez ou d\u00e9sactivez l\u2019option \u00ab Autoriser les cookies \u00bb.<\/li>\n<\/ol>\n<h2>Consentement \u00e0 l\u2019utilisation des cookies<\/h2>\n<p class=\"translation-block\">En naviguant sur notre site web, vous donnez votre consentement \u00e0 l\u2019utilisation des cookies comme indiqu\u00e9 dans cette politique. Si vous n\u2019\u00eates pas d\u2019accord avec l\u2019utilisation des cookies, vous pouvez les configurer selon vos pr\u00e9f\u00e9rences ou les d\u00e9sactiver.<\/p>\n<p class=\"translation-block\">Derni\u00e8re mise \u00e0 jour : 31 octobre 2025<\/p>\t\t\t\t\t\t\t\t<\/div>\n\t\t\t\t\t<\/div>\n\t\t\t\t<\/div>\n\t\t\t\t<\/div>","protected":false},"excerpt":{"rendered":"<p>Pol\u00edtica de Cookies T\u00c9RMINOS DE USO \u00bfQu\u00e9 es una cookie? Una cookie es un archivo de texto inofensivo que se almacena en tu navegador cuando visitas casi cualquier p\u00e1gina web. La utilidad principal de una cookie es que la p\u00e1gina web recuerde tu visita cuando vuelvas a navegar por ella. Aunque muchas personas no lo [&hellip;]<\/p>\n","protected":false},"author":1,"featured_media":0,"parent":0,"menu_order":0,"comment_status":"closed","ping_status":"closed","template":"elementor_header_footer","meta":{"footnotes":""},"class_list":["post-1839","page","type-page","status-publish","hentry"],"aioseo_notices":[],"_links":{"self":[{"href":"https:\/\/ledpadel.com\/fr\/wp-json\/wp\/v2\/pages\/1839","targetHints":{"allow":["GET"]}}],"collection":[{"href":"https:\/\/ledpadel.com\/fr\/wp-json\/wp\/v2\/pages"}],"about":[{"href":"https:\/\/ledpadel.com\/fr\/wp-json\/wp\/v2\/types\/page"}],"author":[{"embeddable":true,"href":"https:\/\/ledpadel.com\/fr\/wp-json\/wp\/v2\/users\/1"}],"replies":[{"embeddable":true,"href":"https:\/\/ledpadel.com\/fr\/wp-json\/wp\/v2\/comments?post=1839"}],"version-history":[{"count":0,"href":"https:\/\/ledpadel.com\/fr\/wp-json\/wp\/v2\/pages\/1839\/revisions"}],"wp:attachment":[{"href":"https:\/\/ledpadel.com\/fr\/wp-json\/wp\/v2\/media?parent=1839"}],"curies":[{"name":"wp","href":"https:\/\/api.w.org\/{rel}","templated":true}]}}