{"id":4776,"date":"2025-12-13T15:35:04","date_gmt":"2025-12-13T15:35:04","guid":{"rendered":"https:\/\/ledpadel.com\/?page_id=4776"},"modified":"2025-12-13T21:28:04","modified_gmt":"2025-12-13T21:28:04","slug":"condiciones-de-venta","status":"publish","type":"page","link":"https:\/\/ledpadel.com\/en\/condiciones-de-venta\/","title":{"rendered":"Terms and Conditions of Sale"},"content":{"rendered":"<div data-elementor-type=\"wp-page\" data-elementor-id=\"4776\" class=\"elementor elementor-4776\" data-elementor-post-type=\"page\">\n\t\t\t\t<div data-particle_enable=\"false\" data-particle-mobile-disabled=\"false\" class=\"elementor-element elementor-element-0b6587f e-flex e-con-boxed e-con e-parent\" data-id=\"0b6587f\" data-element_type=\"container\" data-settings=\"{&quot;ekit_has_onepagescroll_dot&quot;:&quot;yes&quot;}\">\n\t\t\t\t\t<div class=\"e-con-inner\">\n\t\t\t\t<div class=\"elementor-element elementor-element-2c4e878 elementor-widget elementor-widget-text-editor\" data-id=\"2c4e878\" data-element_type=\"widget\" data-settings=\"{&quot;ekit_we_effect_on&quot;:&quot;none&quot;}\" data-widget_type=\"text-editor.default\">\n\t\t\t\t\t\t\t\t\t<p>10 a\u00f1os de garant\u00eda. Desc\u00e1rguese y l\u00e9ase las condiciones generales de venta.<\/p>\n<p><a href=\"https:\/\/ledpadel.com\/wp-content\/uploads\/2025\/11\/CONDICIONES-GENERALES-DE-VENTA-y-GARANTIA-2026-ES.pdf\">CONDICIONES GENERALES DE VENTA y GARANTIA 2026 &#8211; ES<\/a>&nbsp;(pdf)<\/p>\n<p style=\"text-align: justify;\"><b>CONDICIONES GENERALES DE VENTA&nbsp;y GARANTIA<\/b><\/p>\n<div style=\"text-align: center;\" align=\"center\">\n<hr align=\"center\" size=\"0\" width=\"100%\">\n<\/div>\n<p style=\"text-align: justify;\">Las siguientes condiciones de&nbsp;venta y garant\u00eda regir\u00e1n las relaciones comerciales entre&nbsp;<b>PLANET POWER&nbsp;TOOLS, S.L.<\/b>&nbsp;y&nbsp;<b>EL CLIENTE<\/b>, quedando \u00e9ste debidamente&nbsp;informado de las mismas por haberle facilitado un ejemplar por email y en la&nbsp;web&nbsp;<a href=\"http:\/\/www.planetpower.es\/condiciones\">www.planetpower.es\/condiciones<\/a>&nbsp;.<\/p>\n<div style=\"text-align: center;\" align=\"center\">\n<hr align=\"center\" size=\"0\" width=\"100%\">\n<\/div>\n<p style=\"text-align: justify;\"><b>1. ESPECIFICACIONES TECNICAS&nbsp;DE LOS MATERIALES<\/b><\/p>\n<p style=\"text-align: justify;\">El comprador de la mercanc\u00eda&nbsp;suministrada por PLANET POWER TOOLS, S.L. declara conocer los modelos, calidad,&nbsp;especificaciones t\u00e9cnicas y medidas seg\u00fan se especifican en los&nbsp;cat\u00e1logos\/fichas t\u00e9cnicas, con las tolerancias sobre medidas (3% al 5%) que en&nbsp;este tipo de art\u00edculos est\u00e1n permitidas. Las simulaciones en Dialux no pueden&nbsp;ser tomadas como dato exacto a la realidad, son aproximaciones en base a datos&nbsp;gen\u00e9ricos.<\/p>\n<p style=\"text-align: justify;\"><b>2. FORMALIZACION DEL CONTRATO&nbsp;O PEDIDO<\/b><\/p>\n<p style=\"text-align: justify;\">Los pedidos no tendr\u00e1n validez&nbsp;sin la firma de la aceptaci\u00f3n de los mismos en los que se incluir\u00e1 siempre el&nbsp;precio, el plazo de entrega y la forma de pago. Ser\u00e1 v\u00e1lido y tendr\u00e1 plenos&nbsp;efectos legales la aceptaci\u00f3n enviada a trav\u00e9s del email por el cliente&nbsp;consider\u00e1ndose formalizado con la recepci\u00f3n de dicho email.<\/p>\n<p style=\"text-align: justify;\"><b>3. PRECIOS<\/b><\/p>\n<p style=\"text-align: justify;\">Los precios que figuran en los&nbsp;pedidos se refieren exclusivamente a los materiales\/productos que se encuentran&nbsp;detallados y especificados en los mismos. El precio especificado en el pedido&nbsp;se refiere a la mercanc\u00eda situada en los almacenes de PLANET POWER TOOLS, S.L&nbsp;en Vizcaya \u2013 Espa\u00f1a ( EXW ). Dichos precios no incluyen los gastos de&nbsp;transporte, si el cliente lo solicita, \u00e9ste se facturar\u00e1 como servicio extra&nbsp;quedando la empresa exenta de cualquier responsabilidad sobre el bien una vez&nbsp;salga de nuestras instalaciones. El precio de la mercanc\u00eda deber\u00e1 ser&nbsp;incrementado con el Impuesto sobre Valor A\u00f1adido correspondiente para ventas&nbsp;nacionales. No incorpora aranceles, aduanas, y dem\u00e1s.&nbsp;<\/p>\n<p style=\"text-align: justify;\"><b>4. FORMA DE PAGO<\/b><\/p>\n<p style=\"text-align: justify;\">El pago de los materiales&nbsp;suministrados por PLANET POWER TOOLS, S.L. se realizar\u00e1 conforme a las&nbsp;condiciones y plazos establecidos en el pedido. En caso de pago aplazado, si el&nbsp;comprador incumpliera, cualquiera de los plazos establecidos producir\u00e1 el vencimiento&nbsp;autom\u00e1tico del resto de las cantidades, quedando PLANET POWER TOOLS, S.L.&nbsp;facultado para reclamar la totalidad de la deuda pendiente. En caso de impago&nbsp;del suministro realizado llevar\u00e1 aparejado el abono de inter\u00e9s por parte del&nbsp;cliente a PLANET POWER TOOLS, S.L. Dicho inter\u00e9s comenzar\u00e1 a devengarse desde&nbsp;la fecha del incumplimiento y ser\u00e1 el del inter\u00e9s legal del dinero. Cualquier&nbsp;disputa ser\u00e1 en los juzgados de Vizcaya (Espa\u00f1a) donde tiene la empresa su&nbsp;domicilio fiscal.<\/p>\n<p style=\"text-align: justify;\"><b>5. PLAZO DE ENTREGA<\/b><\/p>\n<p style=\"text-align: justify;\">El plazo de entrega ser\u00e1&nbsp;informado por parte de PLANET POWER TOOLS, S.L y comenzar\u00e1 a contar desde la&nbsp;fecha de recepci\u00f3n de la aceptaci\u00f3n del pedido. En caso de incumplimiento del&nbsp;plazo de entrega de la mercanc\u00eda por PLANET POWER TOOLS, S.L. el cliente tendr\u00e1&nbsp;derecho a devolver la mercanc\u00eda enviada parcialmente siempre que se realice&nbsp;dentro de los dos d\u00edas siguientes a la aceptaci\u00f3n de la misma. No obstante, lo&nbsp;anterior, PLANET POWER TOOLS, S.L. no indemnizar\u00e1 por los da\u00f1os y perjuicios&nbsp;que pudiesen haberse ocasionado como consecuencia del retraso en el suministro&nbsp;del pedido. Los plazos de entrega no incluyen el tiempo en que tarde la&nbsp;compa\u00f1\u00eda en entregar el producto.<\/p>\n<p style=\"text-align: justify;\"><b>6. FORMA DE ENTREGA<\/b><\/p>\n<p style=\"text-align: justify;\">Los gastos para la entrega de la&nbsp;mercanc\u00eda vendida ser\u00e1n seg\u00fan lo en el pedido. PLANET POWER TOOLS, S.L. no se&nbsp;hace cargo de los desperfectos que pueden ser ocasionados en el transporte de&nbsp;la mercanc\u00eda en caso de no utilizar sus medios. Las compa\u00f1\u00edas de log\u00edstica&nbsp;ofrecen un seguro de cobertura total por el 3% del valor de la mercanc\u00eda.&nbsp;&nbsp;PLANET POWER TOOLS, S.L. posee un seguro de transporte de mercanc\u00eda que cubre&nbsp;los da\u00f1os en caso de encargarse de la log\u00edstica. Se intentar\u00e1 reemplazar los&nbsp;productos da\u00f1ados lo antes posible, previa inspecci\u00f3n visual del perito de la&nbsp;compa\u00f1\u00eda que nos d\u00e9 la aceptaci\u00f3n de los da\u00f1os ocasionados.<\/p>\n<p style=\"text-align: justify;\"><b>7. ANULACION DE PEDIDOS<\/b><\/p>\n<p style=\"text-align: justify;\">Una vez realizado el pedido, el&nbsp;comprador est\u00e1 obligado al pago. En caso de que por ambas partes se acuerde la&nbsp;anulaci\u00f3n del pedido el comprador est\u00e1 obligado a abonar los gastos producidos&nbsp;hasta ese momento. En ning\u00fan caso podr\u00e1n ser anulados los pedidos cuando se&nbsp;haya puesto en marcha la fabricaci\u00f3n\/pedido de sus componentes, partes, piezas&nbsp;o la expedici\u00f3n del producto.<\/p>\n<p style=\"text-align: justify;\"><b>8. RETRASO DE LA RECOGIDA DE&nbsp;PEDIDOS<\/b><\/p>\n<p style=\"text-align: justify;\">El cliente deber\u00e1 recoger la&nbsp;mercanc\u00eda en el plazo establecido en el pedido en los almacenes de PLANET POWER&nbsp;TOOLS, S.L. En caso de que el cliente se retrase m\u00e1s de quince d\u00edas en la&nbsp;retirada de la mercanc\u00eda PLANET POWER TOOLS, S.L. podr\u00e1 enviarla al cliente&nbsp;carg\u00e1ndole los gastos de transporte y proceder\u00e1 a facturar la mercanc\u00eda.&nbsp;<\/p>\n<p style=\"text-align: justify;\"><b>9. RECEPCION DE LA MERCANC\u00cdA<\/b><\/p>\n<p style=\"text-align: justify;\">Con la recepci\u00f3n del pedido el&nbsp;cliente acepta la mercanc\u00eda. En el supuesto de que alg\u00fan elemento llegase&nbsp;deteriorado como consecuencia del transporte deber\u00e1 necesariamente hacerse&nbsp;constar en la nota de entrega del transportista y ponerse en contacto con PLANET&nbsp;POWER TOOLS, S.L. antes de que pasen 24h, plazo m\u00e1ximo para poder abrir&nbsp;expediente de reclamaciones a las compa\u00f1\u00edas de log\u00edstica. La apertura y uso o&nbsp;manipulaci\u00f3n del producto implica la aceptaci\u00f3n del mismo y sus condiciones de&nbsp;venta. Si no est\u00e1 conforme o de acuerdo con lo recibido, deber\u00e1 devolverlo sin&nbsp;usarlo o manipularlo en su propio embalaje correctamente cerrado y protegido.&nbsp;&nbsp;Planet Power se reserva el derecho a no abonar si la mercanc\u00eda est\u00e1 usada,&nbsp;manipulada, sin etiquetas, da\u00f1ada, sin su embalaje original. Si el cliente quiere reservarse el derecho de aceptaci\u00f3n hasta que la mercanc\u00eda sea usada, deber\u00e1 solicitarlo expresamente y bajo contrato entre las partes.<\/p>\n<p style=\"text-align: justify;\"><b>10. PROPIEDAD DE LA MERCANCIA<\/b><\/p>\n<p style=\"text-align: justify;\">El vendedor se reserva el derecho&nbsp;de propiedad de la mercanc\u00eda suministrada hasta que el comprador haya&nbsp;satisfecho totalmente el importe de la misma; entre tanto se considerar\u00e1 en&nbsp;dep\u00f3sito y custodia. La mercanc\u00eda podr\u00e1 ser retirada por incumplimiento de pago&nbsp;en el plazo previamente estipulado. A su vez, en caso de no poder retirarse se&nbsp;fijan las condiciones del punto 4.<\/p>\n<div style=\"text-align: center;\" align=\"center\">\n<hr align=\"center\" size=\"0\" width=\"100%\">\n<\/div>\n<p style=\"text-align: justify;\">Le informamos que los datos&nbsp;personales, que puedan constar en esta comunicaci\u00f3n, est\u00e1n incorporados en un&nbsp;fichero cuyo responsable es PLANET POWER TOOLS, S.L., con la finalidad de&nbsp;gestionar la relaci\u00f3n negocial e informarle sobre nuestros productos y servicios.&nbsp;Si desea ejercitar los derechos de acceso, rectificaci\u00f3n, cancelaci\u00f3n u&nbsp;oposici\u00f3n, deber\u00e1 dirigirse por escrito a; PLANET POWER TOOLS, S.L. &#8211; 48640&nbsp;Berango (Vizcaya) Espa\u00f1a.<\/p>\n<div style=\"text-align: center;\" align=\"center\">\n<hr align=\"center\" size=\"0\" width=\"100%\">\n<\/div>\n<p style=\"text-align: justify;\">Resumen de las&nbsp;<b>condiciones&nbsp;de garant\u00eda<\/b>&nbsp;o la p\u00f3liza RC desde los siguientes enlaces:<\/p>\n<ul style=\"margin-top: 0cm;\" type=\"disc\">\n<li style=\"text-align: justify; mso-list: l0 level1 lfo1; tab-stops: list 36.0pt;\">RECOMENDAMOS TENER UNA POLIZA SEGURO<br>RESPONSABILIDAD CIVIL<br><ul style=\"margin-top: 0cm;\" type=\"circle\">\n<li style=\"text-align: justify; mso-list: l0 level2 lfo1; tab-stops: list 72.0pt;\">Planet Power Toos S.L. posee una p\u00f3liza de 2&nbsp;millones de euros<\/li>\n<\/ul>\n<\/li>\n<li style=\"text-align: justify; mso-list: l0 level1 lfo1; tab-stops: list 36.0pt;\">COBERTURAS Y EXCLUSIONES DE GARANTIA<br><ul style=\"margin-top: 0cm;\" type=\"circle\">\n<li style=\"text-align: justify; mso-list: l0 level2 lfo1; tab-stops: list 72.0pt;\">OBLIGATORIO EL CUMPLIMIENTO DEL REBT<br><ul style=\"margin-top: 0cm;\" type=\"square\">\n<li style=\"text-align: justify; mso-list: l0 level3 lfo1; tab-stops: list 108.0pt;\"><a href=\"https:\/\/industria.gob.es\/Calidad-Industrial\/seguridadindustrial\/instalacionesindustriales\/baja-tension\/Paginas\/reglamento-2002.aspx\">REGLAMENTEO&nbsp;ELECTROTECNICO DE BAJA TENSION<\/a><\/li>\n<li style=\"text-align: justify; mso-list: l0 level3 lfo1; tab-stops: list 108.0pt;\">CALIDAD DE LAS INFRAESTRUCTRUAS<\/li>\n<li style=\"text-align: justify; mso-list: l0 level3 lfo1; tab-stops: list 108.0pt;\">NEGLIGENCIA EN LAS INSTALACION<\/li>\n<\/ul>\n<\/li>\n<li style=\"text-align: justify; mso-list: l0 level2 lfo1; tab-stops: list 72.0pt;\">OBLIGATORIO EL CUMPLIMIENTO DE LA NORMATIVA <a href=\"https:\/\/www.une.org\/encuentra-tu-norma\/busca-tu-norma\/norma?c=N0064209\">EN&nbsp;50160<\/a><br><ul style=\"margin-top: 0cm;\" type=\"square\">\n<li style=\"text-align: justify; mso-list: l0 level3 lfo1; tab-stops: list 108.0pt;\">CALIDAD DEL SUMINISTRO ELECTRICO<\/li>\n<\/ul>\n<\/li>\n<\/ul>\n<\/li>\n<\/ul>\n<p><a style=\"font-size: 16px; font-weight: 500; text-indent: -18pt; background-color: #ffffff;\" href=\"https:\/\/www.consorseguros.es\/ambitos-de-actividad\/seguros-de-riesgos-extraordinarios\/coberturas-y-exclusiones\">EXCLUSIONES<\/a><span style=\"background-color: transparent; text-indent: -18pt;\">&nbsp;<\/span><\/p>\n<ul style=\"margin-top: 0cm;\" type=\"disc\">\n<li style=\"list-style-type: none;\">\n<ul style=\"margin-top: 0cm;\" type=\"circle\">\n<li style=\"list-style-type: none;\">\n<ul style=\"margin-top: 0cm;\" type=\"square\">\n<li style=\"text-align: justify; mso-list: l0 level3 lfo1; tab-stops: list 108.0pt;\">FUERZA MAYOR Y CAUSAS DE LA NATURALEZA<\/li>\n<li style=\"text-align: justify; mso-list: l0 level3 lfo1; tab-stops: list 108.0pt;\">ACTOS VANDALICOS, ROBO, ACCIDENTES<\/li>\n<li style=\"text-align: justify; mso-list: l0 level3 lfo1; tab-stops: list 108.0pt;\">DEFICIENCIAS EN LAS INSTALACIONES Y SUMINISTRO&nbsp;ELECTRICO<\/li>\n<li style=\"text-align: justify; mso-list: l0 level3 lfo1; tab-stops: list 108.0pt;\">NEGLIGENCIA EN LA INSTALACI\u00d3N DE LOS PRODUCTOS<\/li>\n<\/ul>\n<\/li>\n<\/ul>\n<\/li>\n<\/ul>\n<p style=\"text-align: justify;\"><b>GARANT\u00cdA 10 A\u00d1OS DE LOS&nbsp;COMPONENTES ELECTR\u00d3NICOS Y PINTURA PARA INSTALACIONES EN INTERIOR SIN AMBIENTES&nbsp;SALINOS NI CORROSIVOS, TRABAJANDO EN CONDICIONES NORMALES DE TEMPERATURA (-25\u00baC&nbsp;a +50\u00baC)<\/b><\/p>\t\t\t\t\t\t\t\t<\/div>\n\t\t\t\t\t<\/div>\n\t\t\t\t<\/div>\n\t\t\t\t<\/div>","protected":false},"excerpt":{"rendered":"<p>10 a\u00f1os de garant\u00eda. Desc\u00e1rguese y l\u00e9ase las condiciones generales de venta. CONDICIONES GENERALES DE VENTA y GARANTIA 2026 &#8211; ES&nbsp;(pdf) CONDICIONES GENERALES DE VENTA&nbsp;y GARANTIA Las siguientes condiciones de&nbsp;venta y garant\u00eda regir\u00e1n las relaciones comerciales entre&nbsp;PLANET POWER&nbsp;TOOLS, S.L.&nbsp;y&nbsp;EL CLIENTE, quedando \u00e9ste debidamente&nbsp;informado de las mismas por haberle facilitado un ejemplar por email y en [&hellip;]<\/p>\n","protected":false},"author":4,"featured_media":0,"parent":0,"menu_order":0,"comment_status":"closed","ping_status":"closed","template":"","meta":{"footnotes":""},"class_list":["post-4776","page","type-page","status-publish","hentry"],"aioseo_notices":[],"_links":{"self":[{"href":"https:\/\/ledpadel.com\/en\/wp-json\/wp\/v2\/pages\/4776","targetHints":{"allow":["GET"]}}],"collection":[{"href":"https:\/\/ledpadel.com\/en\/wp-json\/wp\/v2\/pages"}],"about":[{"href":"https:\/\/ledpadel.com\/en\/wp-json\/wp\/v2\/types\/page"}],"author":[{"embeddable":true,"href":"https:\/\/ledpadel.com\/en\/wp-json\/wp\/v2\/users\/4"}],"replies":[{"embeddable":true,"href":"https:\/\/ledpadel.com\/en\/wp-json\/wp\/v2\/comments?post=4776"}],"version-history":[{"count":0,"href":"https:\/\/ledpadel.com\/en\/wp-json\/wp\/v2\/pages\/4776\/revisions"}],"wp:attachment":[{"href":"https:\/\/ledpadel.com\/en\/wp-json\/wp\/v2\/media?parent=4776"}],"curies":[{"name":"wp","href":"https:\/\/api.w.org\/{rel}","templated":true}]}}