{"id":1839,"date":"2025-12-13T15:35:07","date_gmt":"2025-12-13T15:35:07","guid":{"rendered":"https:\/\/ledpadel.com\/?page_id=1839"},"modified":"2025-12-13T21:36:34","modified_gmt":"2025-12-13T21:36:34","slug":"politica-de-cookies","status":"publish","type":"page","link":"https:\/\/ledpadel.com\/en\/politica-de-cookies\/","title":{"rendered":"Cookie Policy"},"content":{"rendered":"<div data-elementor-type=\"wp-page\" data-elementor-id=\"1839\" class=\"elementor elementor-1839\" data-elementor-post-type=\"page\">\n\t\t\t\t<div data-particle_enable=\"false\" data-particle-mobile-disabled=\"false\" class=\"elementor-element elementor-element-474235b e-flex e-con-boxed e-con e-parent\" data-id=\"474235b\" data-element_type=\"container\" data-settings=\"{&quot;ekit_has_onepagescroll_dot&quot;:&quot;yes&quot;}\">\n\t\t\t\t\t<div class=\"e-con-inner\">\n\t\t\t\t<div class=\"elementor-element elementor-element-40950a6 elementor-widget elementor-widget-heading\" data-id=\"40950a6\" data-element_type=\"widget\" data-settings=\"{&quot;ekit_we_effect_on&quot;:&quot;none&quot;}\" data-widget_type=\"heading.default\">\n\t\t\t\t\t<h1 class=\"elementor-heading-title elementor-size-default\">Cookie Policy<\/h1>\t\t\t\t<\/div>\n\t\t\t\t\t<\/div>\n\t\t\t\t<\/div>\n\t\t<div data-particle_enable=\"false\" data-particle-mobile-disabled=\"false\" class=\"elementor-element elementor-element-67e26ca e-flex e-con-boxed e-con e-parent\" data-id=\"67e26ca\" data-element_type=\"container\" data-settings=\"{&quot;ekit_has_onepagescroll_dot&quot;:&quot;yes&quot;}\">\n\t\t\t\t\t<div class=\"e-con-inner\">\n\t\t\t\t<div class=\"elementor-element elementor-element-1af34b1 elementor-widget elementor-widget-text-editor\" data-id=\"1af34b1\" data-element_type=\"widget\" data-settings=\"{&quot;ekit_we_effect_on&quot;:&quot;none&quot;}\" data-widget_type=\"text-editor.default\">\n\t\t\t\t\t\t\t\t\t<p style=\"text-align: center;\"><strong>Terms of Use<\/strong><\/p>\n<h2>What is a cookie?<\/h2>\n<p class=\"translation-block\">A cookie is a harmless text file that is stored in your browser when you visit almost any website. The main purpose of a cookie is to allow the website to remember your visit when you return to browse it again. Although many people are unaware, cookies have been in use for more than 20 years, since the first web browsers appeared.<\/p>\n<h2>What is not a cookie?<\/h2>\n<p>Cookies are not viruses, trojans, worms, spam, spyware, or pop-ups. They are simply files that help improve the browsing experience on websites.<\/p>\n<h2>What information does a cookie store?<\/h2>\n<p class=\"translation-block\">Cookies do not store sensitive information about you, such as banking data, photos, ID numbers, or personal details. The data they store is of a technical nature, such as browsing preferences, content customization, preferred language, etc. Web servers do not associate you as a person, but rather with your browser. For example, if you usually browse with Internet Explorer and later use Firefox or Chrome, the website will not know you are the same person, since it associates the cookie with the browser, not with the user.<\/p>\n<h2>What types of cookies exist?<\/h2>\n<h3><strong>Technical cookies:<\/strong><\/h3>\n<p>These are the most basic ones and allow, among other things, to know when a human or an automated application is browsing, when an anonymous or registered user is navigating, and other basic tasks necessary for the operation of any dynamic website.<\/p>\n<h3><strong>Analytics cookies:<\/strong><\/h3>\n<p>They collect information about the type of browsing you do, the most used sections, products viewed, time of use, language, etc.<\/p>\n<h3><strong>Advertising cookies:<\/strong><\/h3>\n<p>They display advertising adapted to your browsing habits, country of origin, language, etc.<\/p>\n<h2>What are first-party and third-party cookies?<\/h2>\n<h3><strong>First-party cookies:<\/strong><\/h3>\n<p>These are those generated directly by the website you are visiting.<\/p>\n<h3><strong>Third-party cookies:<\/strong><\/h3>\n<p>They are generated by external services or providers, such as Facebook, Twitter, Google, etc.<\/p>\n<h3>What happens if I disable cookies?<\/h3>\n<p>Disabling cookies may affect the functionality of the website and limit certain features and services. Below are some of the consequences of disabling cookies:<\/p>\n<ul>\n<li>You will not be able to share website content on social networks such as Facebook or Twitter.<\/li>\n<li>The website will not be able to adapt content to your preferences, as is the case with online shops.<\/li>\n<li>You will not be able to access personal areas of the website, such as your account, profile, or orders.<\/li>\n<li>In the case of online shops, you will not be able to make purchases \u2014 only by phone or in a physical store, if available.<\/li>\n<li>It will not be possible to personalise your geographical preferences such as time zone, currency, or language.<\/li>\n<li>The website will not be able to perform web traffic analysis, making it more difficult to improve the service.<\/li>\n<li>You will not be able to write on the blog or post comments or content reviews.<\/li>\n<li>Personalised advertising cannot be displayed, which may reduce advertising revenue.<\/li>\n<\/ul>\n<h2>Can cookies be deleted?<\/h2>\n<p>Yes, you can delete cookies at any time. You can not only delete them but also block them, either generally or for a specific domain. To delete cookies from a website, simply go to your browser settings and remove those associated with the relevant domain.<\/p>\n<h2>Cookie settings for the most popular browsers<\/h2>\n<p>Aqu\u00ed te indicamos c\u00f3mo acceder a la configuraci\u00f3n de cookies para los navegadores m\u00e1s utilizados:<\/p>\n<h3>Google Chrome (instructions may vary depending on the version):<\/h3>\n<ol>\n<li>Go to \u201cSettings\u201d or \u201cPreferences\u201d through the menu or by clicking the customisation icon in the top right corner.<\/li>\n<li>In the \u201cPrivacy\u201d section, select \u201cContent settings.\u201d<\/li>\n<li>In \u201cCookies,\u201d you can view and manage all stored cookies.<\/li>\n<\/ol>\n<h3>Internet Explorer:<\/h3>\n<ol>\n<li>Go to \u201cTools\u201d &gt; \u201cInternet Options.\u201d<\/li>\n<li>Click on \u201cPrivacy.\u201d<\/li>\n<li>Adjust the slider to change the privacy level.<\/li>\n<\/ol>\n<h3>Mozilla Firefox:<\/h3>\n<ol>\n<li>Go to \u201cOptions\u201d or \u201cPreferences.\u201d<\/li>\n<li>In the \u201cPrivacy\u201d section, choose \u201cUse custom settings for history.\u201d<\/li>\n<li>Activa o desactiva las cookies seg\u00fan prefieras.<\/li>\n<\/ol>\n<h3>Safari para OSX:<\/h3>\n<ol>\n<li>Go to \u201cPreferences\u201d and then to \u201cPrivacy.\u201d<\/li>\n<li>Adjust the type of cookie blocking you prefer.<\/li>\n<\/ol>\n<h3>Safari para iOS:<\/h3>\n<ol>\n<li>Go to \u201cSettings\u201d &gt; \u201cSafari.\u201d<\/li>\n<li>In \u201cPrivacy and Security,\u201d adjust the type of cookie blocking you prefer.<\/li>\n<\/ol>\n<h3>Android:<\/h3>\n<ol>\n<li>Open the browser and go to \u201cMenu\u201d &gt; \u201cSettings.\u201d<\/li>\n<li>In \u201cSecurity and Privacy,\u201d enable or disable cookies.<\/li>\n<\/ol>\n<h3>Windows Phone:<\/h3>\n<ol>\n<li>Open \u201cInternet Explorer,\u201d then go to \u201cMore\u201d &gt; \u201cSettings.\u201d<\/li>\n<li>Enable or disable the \u201cAllow cookies\u201d option.<\/li>\n<\/ol>\n<h2>Consent for the use of cookies<\/h2>\n<p class=\"translation-block\">By browsing our website, you are giving your consent to the use of cookies as indicated in this policy. If you do not agree with the use of cookies, you can configure them according to your preference or disable them.<\/p>\n<p class=\"translation-block\">Last update: 31 October 2025<\/p>\t\t\t\t\t\t\t\t<\/div>\n\t\t\t\t\t<\/div>\n\t\t\t\t<\/div>\n\t\t\t\t<\/div>","protected":false},"excerpt":{"rendered":"<p>Pol\u00edtica de Cookies T\u00c9RMINOS DE USO \u00bfQu\u00e9 es una cookie? Una cookie es un archivo de texto inofensivo que se almacena en tu navegador cuando visitas casi cualquier p\u00e1gina web. La utilidad principal de una cookie es que la p\u00e1gina web recuerde tu visita cuando vuelvas a navegar por ella. Aunque muchas personas no lo [&hellip;]<\/p>\n","protected":false},"author":1,"featured_media":0,"parent":0,"menu_order":0,"comment_status":"closed","ping_status":"closed","template":"elementor_header_footer","meta":{"footnotes":""},"class_list":["post-1839","page","type-page","status-publish","hentry"],"aioseo_notices":[],"_links":{"self":[{"href":"https:\/\/ledpadel.com\/en\/wp-json\/wp\/v2\/pages\/1839","targetHints":{"allow":["GET"]}}],"collection":[{"href":"https:\/\/ledpadel.com\/en\/wp-json\/wp\/v2\/pages"}],"about":[{"href":"https:\/\/ledpadel.com\/en\/wp-json\/wp\/v2\/types\/page"}],"author":[{"embeddable":true,"href":"https:\/\/ledpadel.com\/en\/wp-json\/wp\/v2\/users\/1"}],"replies":[{"embeddable":true,"href":"https:\/\/ledpadel.com\/en\/wp-json\/wp\/v2\/comments?post=1839"}],"version-history":[{"count":0,"href":"https:\/\/ledpadel.com\/en\/wp-json\/wp\/v2\/pages\/1839\/revisions"}],"wp:attachment":[{"href":"https:\/\/ledpadel.com\/en\/wp-json\/wp\/v2\/media?parent=1839"}],"curies":[{"name":"wp","href":"https:\/\/api.w.org\/{rel}","templated":true}]}}